{"id":1686,"date":"2017-06-16T12:17:51","date_gmt":"2017-06-16T10:17:51","guid":{"rendered":"http:\/\/expedition-8.com\/?page_id=1686"},"modified":"2020-05-05T00:31:42","modified_gmt":"2020-05-04T22:31:42","slug":"story-2","status":"publish","type":"page","link":"https:\/\/expedition-8.com\/en\/story-2\/","title":{"rendered":"Unternehmen"},"content":{"rendered":"<div class=\"row cf\" style=\"background-color: #transparent;background-size: auto;padding: 0 0 0 0;\"><div class=\"wrap\"> \n<div class=\"clear cf\" style=\"margin-top:124px;margin-bottom:0\"><\/div>\n<h6><span style=\"color: #000;\">Unsere Story<\/span><\/h6>\n<div class=\"two_third \" style=\"\">\n<h1 class=\"black\">Ein Name.<br \/>\nEine Geschichte.<br \/>\nInnovative Kunden.<\/h1>\n<div class=\"clear cf\" style=\"margin-top:24px;margin-bottom:0\"><\/div>\n<p class=\"lead \" >Hinter Expedition 8 steht die Geschichte einer Reise. Eine Reise die nach Antworten sucht auf die Herausforderungen unserer Zeit. Gehen Sie mit uns auf Expedition 8 und schreiben Sie mit uns die Geschichte weiter.<\/p>\n<\/div>\n<div class=\"one_third last \" style=\"\"> \n<img loading=\"lazy\" class=\"aligncenter size-full wp-image-1822\" src=\"http:\/\/expedition-8.com\/wp-content\/uploads\/2017\/06\/008-startup.png\" alt=\"\" width=\"256\" height=\"256\" srcset=\"https:\/\/expedition-8.com\/wp-content\/uploads\/2017\/06\/008-startup.png 256w, https:\/\/expedition-8.com\/wp-content\/uploads\/2017\/06\/008-startup-150x150.png 150w, https:\/\/expedition-8.com\/wp-content\/uploads\/2017\/06\/008-startup-180x180.png 180w, https:\/\/expedition-8.com\/wp-content\/uploads\/2017\/06\/008-startup-125x125.png 125w\" sizes=\"(max-width: 256px) 100vw, 256px\" \/>\n <\/div><div class=\"cf\"><\/div>\n <\/div><\/div>\n<div class=\"row cf\" style=\"background-color: transparent;background-size: auto;padding: 72px 0 0px;\"><div class=\"wrap\"> \n<div class=\"full_width \" style=\"\"> \n<div class=\"one_third \" style=\"\">\n<div class=\"shortcode_padding\" style=\"padding-top: 8%;padding-bottom: 8%;padding-left: 8%;padding-right: 8%;\">  <\/div>\n<\/div>\n<div class=\"two_third last \" style=\"\"> \n<h6>Unsere Kunden<\/h6>\n<h4>Hoch hinaus. Und doch auf dem Boden.<\/h4>\n<p class=\"lead \" >Unsere Kunden kommen aus den verschiedensten Branchen. Das Gemeinsame zeigt sich erst auf den zweiten Blick: Sie erreichen auch unter expeditions\u00e4hnlichen Bedingungen \u00fcberdurchschnittliche Ergebnisse. Und handeln dabei gleichzeitig fair und verantwortungsbewusst. Sie bleiben auf dem Boden \u2013 und kommen doch hoch hinaus.<\/p>\n<div class=\"carousel-images no-lazy\"><div class=\"carousel-owl-images owl-carousel\">\n<div><img loading=\"lazy\" class=\"aligncenter size-full wp-image-1922\" src=\"http:\/\/expedition-8.com\/wp-content\/uploads\/2017\/06\/Linde_Name.png\" alt=\"\" width=\"1000\" height=\"526\" \/><\/div>\n<div><img loading=\"lazy\" class=\"aligncenter size-full wp-image-1922\" src=\"http:\/\/expedition-8.com\/wp-content\/uploads\/2017\/06\/Bayer_Name.png\" alt=\"\" width=\"1000\" height=\"526\" \/><\/div>\n<div><img loading=\"lazy\" class=\"aligncenter size-full wp-image-1922\" src=\"http:\/\/expedition-8.com\/wp-content\/uploads\/2017\/06\/Sartorius_Name.png\" alt=\"\" width=\"1000\" height=\"526\" \/><\/div>\n<div><img loading=\"lazy\" class=\"aligncenter size-full wp-image-1922\" src=\"http:\/\/expedition-8.com\/wp-content\/uploads\/2017\/06\/Gravis_Name.png\" alt=\"\" width=\"1000\" height=\"526\" \/><\/div>\n<div><img loading=\"lazy\" class=\"aligncenter size-full wp-image-1922\" src=\"http:\/\/expedition-8.com\/wp-content\/uploads\/2017\/06\/Wepa_Name.png\" alt=\"\" width=\"1000\" height=\"526\" \/><\/div>\n<div><img loading=\"lazy\" class=\"aligncenter size-full wp-image-1922\" src=\"http:\/\/expedition-8.com\/wp-content\/uploads\/2017\/06\/Lidl_Name.png\" alt=\"\" width=\"1000\" height=\"526\" \/><\/div>\n<div><img loading=\"lazy\" class=\"aligncenter size-full wp-image-1922\" src=\"http:\/\/expedition-8.com\/wp-content\/uploads\/2017\/06\/Phoenix_Name.png\" alt=\"\" width=\"1000\" height=\"526\" \/><\/div>\n<div><img loading=\"lazy\" class=\"aligncenter size-full wp-image-1922\" src=\"http:\/\/expedition-8.com\/wp-content\/uploads\/2017\/06\/FAS_Name.png\" alt=\"\" width=\"1000\" height=\"526\" \/><\/div>\n<div><img loading=\"lazy\" class=\"aligncenter size-full wp-image-1922\" src=\"http:\/\/expedition-8.com\/wp-content\/uploads\/2017\/06\/Stedim_Name.png\" alt=\"\" width=\"1000\" height=\"526\" \/><\/div>\n<div><img loading=\"lazy\" class=\"aligncenter size-full wp-image-1922\" src=\"http:\/\/expedition-8.com\/wp-content\/uploads\/2017\/06\/PronovaBKK_Name.png\" alt=\"\" width=\"1000\" height=\"526\" \/><\/div>\n<div><img loading=\"lazy\" class=\"aligncenter size-full wp-image-1922\" src=\"http:\/\/expedition-8.com\/wp-content\/uploads\/2017\/06\/T-Online_Name.png\" alt=\"\" width=\"1000\" height=\"526\" \/><\/div>\n<div><img loading=\"lazy\" class=\"aligncenter size-full wp-image-1922\" src=\"http:\/\/expedition-8.com\/wp-content\/uploads\/2017\/06\/Zufall_Name.png\" alt=\"\" width=\"1000\" height=\"526\" \/><\/div>\n<div><img loading=\"lazy\" class=\"aligncenter size-full wp-image-1922\" src=\"http:\/\/expedition-8.com\/wp-content\/uploads\/2017\/06\/Metro_Name.png\" alt=\"\" width=\"1000\" height=\"526\" \/><\/div>\n<div><img loading=\"lazy\" class=\"aligncenter size-full wp-image-1922\" src=\"http:\/\/expedition-8.com\/wp-content\/uploads\/2017\/06\/Chemgeneering_Name.png\" alt=\"\" width=\"1000\" height=\"526\" \/><\/div>\n<div><img loading=\"lazy\" class=\"aligncenter size-full wp-image-1922\" src=\"http:\/\/expedition-8.com\/wp-content\/uploads\/2017\/06\/Horvath_Name.png\" alt=\"\" width=\"1000\" height=\"526\" \/><\/div>\n<div><img loading=\"lazy\" class=\"aligncenter size-full wp-image-1922\" src=\"http:\/\/expedition-8.com\/wp-content\/uploads\/2017\/06\/Faro_Name.png\" alt=\"\" width=\"1000\" height=\"526\" \/><\/div>\n<div><img loading=\"lazy\" class=\"aligncenter size-full wp-image-1922\" src=\"http:\/\/expedition-8.com\/wp-content\/uploads\/2017\/06\/DBSystel_Name.png\" alt=\"\" width=\"1000\" height=\"526\" \/><\/div>\n<div><img loading=\"lazy\" class=\"aligncenter size-full wp-image-1922\" src=\"http:\/\/expedition-8.com\/wp-content\/uploads\/2017\/06\/T-Systems_Name.png\" alt=\"\" width=\"1000\" height=\"526\" \/><\/div>\n<div><img loading=\"lazy\" class=\"aligncenter size-full wp-image-1922\" src=\"http:\/\/expedition-8.com\/wp-content\/uploads\/2017\/06\/Kaufland_Name.png\" alt=\"\" width=\"1000\" height=\"526\" \/><\/div>\n<div><img loading=\"lazy\" class=\"aligncenter size-full wp-image-1922\" src=\"http:\/\/expedition-8.com\/wp-content\/uploads\/2017\/06\/Arcus_Name.png\" alt=\"\" width=\"1000\" height=\"526\" \/><\/div>\n<div><img loading=\"lazy\" class=\"aligncenter size-full wp-image-1922\" src=\"http:\/\/expedition-8.com\/wp-content\/uploads\/2017\/06\/Arvato_Name.png\" alt=\"\" width=\"1000\" height=\"526\" \/><\/div>\n<div><img loading=\"lazy\" class=\"aligncenter size-full wp-image-1922\" src=\"http:\/\/expedition-8.com\/wp-content\/uploads\/2017\/06\/Haufe_Name.png\" alt=\"\" width=\"1000\" height=\"526\" \/><\/div>\n<div><img loading=\"lazy\" class=\"aligncenter size-full wp-image-1922\" src=\"http:\/\/expedition-8.com\/wp-content\/uploads\/2017\/06\/Infor_Name.png\" alt=\"\" width=\"1000\" height=\"526\" \/><\/div>\n<div><img loading=\"lazy\" class=\"aligncenter size-full wp-image-1922\" src=\"http:\/\/expedition-8.com\/wp-content\/uploads\/2017\/06\/Stedim_Name.png\" alt=\"\" width=\"1000\" height=\"526\" \/><\/div>\n<div><img loading=\"lazy\" class=\"aligncenter size-full wp-image-1922\" src=\"http:\/\/expedition-8.com\/wp-content\/uploads\/2017\/06\/Evonik_Name.png\" alt=\"\" width=\"1000\" height=\"526\" \/><\/div>\n<div><img loading=\"lazy\" class=\"aligncenter size-full wp-image-1922\" src=\"http:\/\/expedition-8.com\/wp-content\/uploads\/2017\/06\/Technicolor_Name.png\" alt=\"\" width=\"1000\" height=\"526\" \/><\/div>\n<\/div><\/div>\n <\/div><div class=\"cf\"><\/div>\n <\/div><div class=\"cf\"><\/div>\n <\/div><\/div>\n<div class=\"row cf\" style=\"background-color: transparent;background-size: auto;padding: 0px 0 0px;\"><div class=\"wrap\"> \n<div class=\"full_width \" style=\"\"> \n<div class=\"two_third \" style=\"\">\n<h6>Unsere Kompetenzen<\/h6>\n<h4>Unser Name ist Programm. Und geistige Heimat.<\/h4>\n<p class=\"lead \" >Wir glauben, dass Menschen und Organisationen heute &#8211; mehr denn je &#8211; Kompetenzen und F\u00e4higkeiten ben\u00f6tigen, um auch in unbekanntem, unwegsamen Terrain erfolgreich voranzukommen. Und genau hier startet unsere gemeinsame Expedition 8. Wir haben uns auf jene Kompetenzfelder spezialisiert, die unter expeditions\u00e4hnlichen Bedingungen besonders erfolgskritisch sind: Strategieumsetzung, F\u00fchrungsentwicklung und Unternehmenssteuerung.<\/p>\n<\/div>\n<div class=\"one_third last \" style=\"\"> \n<div class=\"shortcode_padding\" style=\"padding-top: 8%;padding-bottom: 8%;padding-left: 8%;padding-right: 8%;\">  <\/div>\n <\/div><div class=\"cf\"><\/div>\n <\/div><div class=\"cf\"><\/div>\n <\/div><\/div>\n<div class=\"row cf\" style=\"background-color: transparent;background-size: auto;padding: 0px 0 0px;\"><div class=\"wrap\"> \n<div class=\"full_width \" style=\"\"> \n<div class=\"one_third \" style=\"\">\n<div class=\"shortcode_padding\" style=\"padding-top: 8%;padding-bottom: 8%;padding-left: 8%;padding-right: 8%;\">  <\/div>\n<\/div>\n<div class=\"two_third last \" style=\"\"> \n<h6>Unsere Positionierung<\/h6>\n<h4>Wir aktivieren. Unternehmerische Potenziale.<\/h4>\n<p class=\"lead \" >Als integrierter Trainings- und Beratungsdienstleister vereinen wir die St\u00e4rken von klassischen Trainingsinstituten und Seminaranbietern mit den St\u00e4rken einer klassischen Unternehmensberatung. Und stellen damit die Umsetzungsst\u00e4rke von Einzelnen, Teams und Organisationen in den Vordergrund. Dies erfordert eine besonders enge Zusammenarbeit und f\u00fchrt zu gemeinsamen Expeditionen, bei denen man mehr mitnimmt, als nur dabei gewesen zu sein. Daher freut es uns sehr, dass unsere Kunden in uns h\u00e4ufig mehr sehen, als nur einen weiteren Dienstleistungspartner in Training, Coaching, Beratung, Workshop und Moderation.<\/p>\n <\/div><div class=\"cf\"><\/div>\n <\/div><div class=\"cf\"><\/div>\n <\/div><\/div>\n<div class=\"row cf\" style=\"background-color: transparent;background-size: auto;padding: 0px 0 0px;\"><div class=\"wrap\"> \n<div class=\"full_width \" style=\"\"> \n<div class=\"two_third \" style=\"\">\n<h6>Unsere Philosophie<\/h6>\n<h4>Professionalit\u00e4t. Pragmatismus. Fairness.<\/h4>\n<p class=\"lead \" >Wir \u00fcbernehmen Mitverantwortung f\u00fcr die nachhaltige Entwicklung von Unternehmen und der darin arbeitenden Menschen. Dies zeigt sich darin, dass wir\u00a0uns in unserem t\u00e4glichen Handeln an drei Leitideen orientieren: Professionalit\u00e4t, Pragmatismus und Fairness. Wir reflektieren unser eigenes Handeln stets vor dem Hintergrund des aktuellen Wissensstandes. Wir kennen aber auch die Grenzen wissenschaftlicher Arbeit und verschieben diese mit kalkuliertem Risiko und gesundem Menschenverstand. Fairness\u00a0bedeutet f\u00fcr uns, die unterschiedliche Interessen aller Beteiligten zu ber\u00fccksichtigen und einen fairen Ausgleich anzustreben. Aber auch Offenheit, Klarheit und Transparenz\u00a0bei der Verfolgung eigener Interessen.<\/p>\n<\/div>\n<div class=\"one_third last \" style=\"\"> \n<div class=\"shortcode_padding\" style=\"padding-top: 8%;padding-bottom: 8%;padding-left: 8%;padding-right: 8%;\">  <\/div>\n <\/div><div class=\"cf\"><\/div>\n <\/div><div class=\"cf\"><\/div>\n <\/div><\/div>\n<div class=\"row cf\" style=\"background-color: transparent;background-size: auto;padding: 0px 0 0px;\"><div class=\"wrap\"> \n<div class=\"full_width \" style=\"\"> \n<div class=\"one_third \" style=\"\">\n<div class=\"shortcode_padding\" style=\"padding-top: 8%;padding-bottom: 8%;padding-left: 8%;padding-right: 8%;\">  <\/div>\n<\/div>\n<div class=\"two_third last \" style=\"\"> \n<h6>Unser Team<\/h6>\n<h4>Erfahren. Interdisziplin\u00e4r. Neugierig.<\/h4>\n<p class=\"lead \" >Wir sind ein Team von Experten f\u00fcr die Umsetzung Ihrer Strategien, Ideen, Ziele und Vorstellungen. Das bedeutet, Sie definieren ihr Ziel und wir sorgen daf\u00fcr, dass Sie dieses aus eigener Kraft erreichen. Je nach Anforderung der Situation nehmen wir unterschiedliche Rollen ein. Mal sind wir Experte, Lehrer und Coach, mal Sparringspartner, Moderator und Motivator. Aber auch Schleifer, Begleiter, Hebamme, Psychologe, Entertainer, Sanit\u00e4ter, Schlichter, Netzwerker, Stratege, Berater und Partner. Oder anders ausgedr\u00fcckt: Wir trainieren, moderieren, beraten und coachen mit interdisziplin\u00e4rer Kompetenz.<\/p>\n<p style=\"text-align: left;\"><a href=\"http:\/\/expedition-8.com\/team\/\" class=\"link black\" target=\"_self\">Lernen Sie uns n\u00e4her kennen \u2192<\/a>\n <\/div><div class=\"cf\"><\/div>\n<div class=\"clear cf\" style=\"margin-top:0;margin-bottom:72px\"><\/div>\n <\/div><div class=\"cf\"><\/div>\n <\/div><\/div>\n","protected":false},"excerpt":{"rendered":"","protected":false},"author":1,"featured_media":0,"parent":0,"menu_order":0,"comment_status":"closed","ping_status":"closed","template":"","meta":[],"_links":{"self":[{"href":"https:\/\/expedition-8.com\/en\/wp-json\/wp\/v2\/pages\/1686"}],"collection":[{"href":"https:\/\/expedition-8.com\/en\/wp-json\/wp\/v2\/pages"}],"about":[{"href":"https:\/\/expedition-8.com\/en\/wp-json\/wp\/v2\/types\/page"}],"author":[{"embeddable":true,"href":"https:\/\/expedition-8.com\/en\/wp-json\/wp\/v2\/users\/1"}],"replies":[{"embeddable":true,"href":"https:\/\/expedition-8.com\/en\/wp-json\/wp\/v2\/comments?post=1686"}],"version-history":[{"count":87,"href":"https:\/\/expedition-8.com\/en\/wp-json\/wp\/v2\/pages\/1686\/revisions"}],"predecessor-version":[{"id":3166,"href":"https:\/\/expedition-8.com\/en\/wp-json\/wp\/v2\/pages\/1686\/revisions\/3166"}],"wp:attachment":[{"href":"https:\/\/expedition-8.com\/en\/wp-json\/wp\/v2\/media?parent=1686"}],"curies":[{"name":"wp","href":"https:\/\/api.w.org\/{rel}","templated":true}]}}