{"id":3019,"date":"2020-05-04T14:34:28","date_gmt":"2020-05-04T12:34:28","guid":{"rendered":"http:\/\/expedition-8.com\/?page_id=3019"},"modified":"2022-08-01T11:58:30","modified_gmt":"2022-08-01T09:58:30","slug":"datenschutz","status":"publish","type":"page","link":"https:\/\/expedition-8.com\/en\/datenschutz\/","title":{"rendered":"Datenschutz"},"content":{"rendered":"<div class=\"row cf\" style=\"background-color: #transparent;background-size: auto;padding: 0 0 0 0;\"><div class=\"wrap\"> \r\n\r\n<div class=\"clear cf\" style=\"margin-top:124px;margin-bottom:0\"><\/div>\r\n\r\n\r\n<h3>1. Datenschutz auf einen Blick<\/h3>\r\n\r\n\r\n\r\n\r\nAllgemeine Hinweise\r\n\r\n\r\n\r\n\r\n\r\nDie folgenden Hinweise geben einen einfachen \u00dcberblick dar\u00fcber, was\r\nmit Ihren personenbezogenen Daten passiert, wenn Sie unsere Website\r\nbesuchen. Personenbezogene Daten sind alle Daten, mit denen Sie\r\npers\u00f6nlich identifiziert werden k\u00f6nnen. Ausf\u00fchrliche Informationen zum\r\nThema Datenschutz entnehmen Sie unserer unter diesem Text aufgef\u00fchrten\r\nDatenschutzerkl\u00e4rung.\r\n\r\n\r\n\r\n\r\n\r\nDatenerfassung auf unserer Website\r\n\r\n\r\n\r\n\r\n\r\nWer ist verantwortlich f\u00fcr die Datenerfassung auf dieser Website?\r\n\r\n\r\n\r\n\r\n\r\nDie Datenverarbeitung auf dieser Website erfolgt durch den\r\nWebsitebetreiber. Dessen Kontaktdaten k\u00f6nnen Sie dem Impressum dieser\r\nWebsite entnehmen.\r\n\r\n\r\n\r\n\r\n\r\nWie erfassen wir Ihre Daten?\r\n\r\n\r\n\r\n\r\n\r\nIhre Daten werden zum einen dadurch erhoben, dass Sie uns diese\r\nmitteilen. Hierbei kann es sich z.B. um Daten handeln, die Sie in ein\r\nKontaktformular eingeben.\r\n\r\n\r\n\r\n\r\n\r\nAndere Daten werden automatisch beim Besuch der Website durch unsere\r\nIT-Systeme erfasst. Das sind vor allem technische Daten (z.B.\r\nInternetbrowser, Betriebssystem oder Uhrzeit des Seitenaufrufs). Die\r\nErfassung dieser Daten erfolgt automatisch, sobald Sie unsere Website\r\nbetreten.\r\n\r\n\r\n\r\n\r\n\r\nWof\u00fcr nutzen wir Ihre Daten?\r\n\r\n\r\n\r\n\r\n\r\nEin Teil der Daten wird erhoben, um eine fehlerfreie Bereitstellung\r\nder Website zu gew\u00e4hrleisten. Andere Daten k\u00f6nnen zur Analyse Ihres\r\nNutzerverhaltens verwendet werden.\r\n\r\n\r\n\r\n\r\n\r\nWelche Rechte haben Sie bez\u00fcglich Ihrer Daten?\r\n\r\n\r\n\r\n\r\n\r\nSie haben jederzeit das Recht unentgeltlich Auskunft \u00fcber Herkunft,\r\nEmpf\u00e4nger und Zweck Ihrer gespeicherten personenbezogenen Daten zu\r\nerhalten. Sie haben au\u00dferdem ein Recht, die Berichtigung, Sperrung oder\r\nL\u00f6schung dieser Daten zu verlangen. Hierzu sowie zu weiteren Fragen zum\r\nThema Datenschutz k\u00f6nnen Sie sich jederzeit unter der im Impressum\r\nangegebenen Adresse an uns wenden. Des Weiteren steht Ihnen ein\r\nBeschwerderecht bei der zust\u00e4ndigen Aufsichtsbeh\u00f6rde zu.\r\n\r\n\r\n\r\n\r\n\r\nAnalyse-Tools und Tools von Drittanbietern\r\n\r\n\r\n\r\n\r\n\r\nBeim Besuch unserer Website kann Ihr Surf-Verhalten statistisch\r\nausgewertet werden. Das geschieht vor allem mit Cookies und mit\r\nsogenannten Analyseprogrammen. Die Analyse Ihres Surf-Verhaltens erfolgt\r\nin der Regel anonym; das Surf-Verhalten kann nicht zu Ihnen\r\nzur\u00fcckverfolgt werden. Sie k\u00f6nnen dieser Analyse widersprechen oder sie\r\ndurch die Nichtbenutzung bestimmter Tools verhindern. Detaillierte\r\nInformationen dazu finden Sie in der folgenden Datenschutzerkl\u00e4rung.\r\n\r\n\r\n\r\n\r\n\r\nSie k\u00f6nnen dieser Analyse widersprechen. \u00dcber die\r\nWiderspruchsm\u00f6glichkeiten werden wir Sie in dieser Datenschutzerkl\u00e4rung\r\ninformieren.\r\n\r\n\r\n\r\n\r\n<h3>2.\r\nAllgemeine Hinweise und Pflichtinformationen<\/h3>\r\n\r\n\r\n\r\n\r\nDatenschutz\r\n\r\n\r\n\r\n\r\n\r\nDie Betreiber dieser Seiten nehmen den Schutz Ihrer pers\u00f6nlichen\r\nDaten sehr ernst. Wir behandeln Ihre personenbezogenen Daten vertraulich\r\nund entsprechend der gesetzlichen Datenschutzvorschriften sowie dieser\r\nDatenschutzerkl\u00e4rung.\r\n\r\n\r\n\r\n\r\n\r\nWenn Sie diese Website benutzen, werden verschiedene personenbezogene\r\nDaten erhoben. Personenbezogene Daten sind Daten, mit denen Sie\r\npers\u00f6nlich identifiziert werden k\u00f6nnen. Die vorliegende\r\nDatenschutzerkl\u00e4rung erl\u00e4utert, welche Daten wir erheben und wof\u00fcr wir\r\nsie nutzen. Sie erl\u00e4utert auch, wie und zu welchem Zweck das geschieht.\r\n\r\n\r\n\r\n\r\n\r\nWir weisen darauf hin, dass die Daten\u00fcbertragung im Internet (z.B.\r\nbei der Kommunikation per E-Mail) Sicherheitsl\u00fccken aufweisen kann. Ein\r\nl\u00fcckenloser Schutz der Daten vor dem Zugriff durch Dritte ist nicht\r\nm\u00f6glich.\r\n\r\n\r\n\r\n\r\n\r\nHinweis zur verantwortlichen Stelle\r\n\r\n\r\n\r\n\r\n\r\nDie verantwortliche Stelle f\u00fcr die Datenverarbeitung auf dieser Website ist:\r\n\r\n\r\n\r\n\r\n\r\nExpedition 8 GmbH\r\nTattenhagen 2\r\n30900 Wedemark \/ Bissendorf\r\n\r\n\r\n\r\n\r\n\r\nwww.expedition8.de\r\nbasislager@expedition8.de\r\n0170.6933.692\r\n\r\n\r\n\r\n\r\n\r\nVerantwortliche Stelle ist die nat\u00fcrliche oder juristische Person,\r\ndie allein oder gemeinsam mit anderen \u00fcber die Zwecke und Mittel der\r\nVerarbeitung von personenbezogenen Daten (z.B. Namen, E-Mail-Adressen o.\r\n\u00c4.) entscheidet.\r\n\r\n\r\n\r\n\r\n\r\nWiderruf Ihrer Einwilligung zur Datenverarbeitung\r\n\r\n\r\n\r\n\r\n\r\nViele Datenverarbeitungsvorg\u00e4nge sind nur mit Ihrer ausdr\u00fccklichen\r\nEinwilligung m\u00f6glich. Sie k\u00f6nnen eine bereits erteilte Einwilligung\r\njederzeit widerrufen. Dazu reicht eine formlose Mitteilung per E-Mail an\r\nuns. Die Rechtm\u00e4\u00dfigkeit der bis zum Widerruf erfolgten\r\nDatenverarbeitung bleibt vom Widerruf unber\u00fchrt.\r\n\r\n\r\n\r\n\r\n\r\nBeschwerderecht bei der zust\u00e4ndigen Aufsichtsbeh\u00f6rde\r\n\r\n\r\n\r\n\r\n\r\nIm Falle datenschutzrechtlicher Verst\u00f6\u00dfe steht dem Betroffenen ein\r\nBeschwerderecht bei der zust\u00e4ndigen Aufsichtsbeh\u00f6rde zu. Zust\u00e4ndige\r\nAufsichtsbeh\u00f6rde in datenschutzrechtlichen Fragen ist der\r\nLandesdatenschutzbeauftragte des Bundeslandes, in dem unser Unternehmen\r\nseinen Sitz hat. Eine Liste der Datenschutzbeauftragten sowie deren\r\nKontaktdaten k\u00f6nnen folgendem Link entnommen werden: <a href=\"https:\/\/www.bfdi.bund.de\/DE\/Infothek\/Anschriften_Links\/anschriften_links-node.html\">https:\/\/www.bfdi.bund.de\/DE\/Infothek\/Anschriften_Links\/anschriften_links-node.html<\/a>.\r\n\r\n\r\n\r\n\r\n\r\nSSL- bzw. TLS-Verschl\u00fcsselung\r\n\r\n\r\n\r\n\r\n\r\nDiese Seite nutzt aus Sicherheitsgr\u00fcnden und zum Schutz der\r\n\u00dcbertragung vertraulicher Inhalte, wie zum Beispiel Bestellungen oder\r\nAnfragen, die Sie an uns als Seitenbetreiber senden, eine SSL-bzw.\r\nTLS-Verschl\u00fcsselung. Eine verschl\u00fcsselte Verbindung erkennen Sie daran,\r\ndass die Adresszeile des Browsers von \u201chttp:\/\/\u201d auf \u201chttps:\/\/\u201d wechselt\r\nund an dem Schloss-Symbol in Ihrer Browserzeile.\r\nWenn die SSL- bzw.\r\nTLS-Verschl\u00fcsselung aktiviert ist, k\u00f6nnen die Daten, die Sie an uns\r\n\u00fcbermitteln, nicht von Dritten mitgelesen werden.\r\n\r\n\r\n\r\n\r\n\r\nAuskunft, Sperrung, L\u00f6schung\r\n\r\n\r\n\r\n\r\n\r\nSie haben im Rahmen der geltenden gesetzlichen Bestimmungen jederzeit\r\ndas Recht auf unentgeltliche Auskunft \u00fcber Ihre gespeicherten\r\npersonenbezogenen Daten, deren Herkunft und Empf\u00e4nger und den Zweck der\r\nDatenverarbeitung und ggf. ein Recht auf Berichtigung, Sperrung oder\r\nL\u00f6schung dieser Daten. Hierzu sowie zu weiteren Fragen zum Thema\r\npersonenbezogene Daten k\u00f6nnen Sie sich jederzeit unter der im Impressum\r\nangegebenen Adresse an uns wenden.\r\n\r\n\r\n\r\n\r\n\r\nWiderspruch gegen Werbe-Mails\r\n\r\n\r\n\r\n\r\n\r\nDer Nutzung von im Rahmen der Impressumspflicht ver\u00f6ffentlichten\r\nKontaktdaten zur \u00dcbersendung von nicht ausdr\u00fccklich angeforderter\r\nWerbung und Informationsmaterialien wird hiermit widersprochen. Die\r\nBetreiber der Seiten behalten sich ausdr\u00fccklich rechtliche Schritte im\r\nFalle der unverlangten Zusendung von Werbeinformationen, etwa durch\r\nSpam-E-Mails, vor.\r\n\r\n\r\n\r\n\r\n<h3>3. Datenerfassung auf unserer Website<\/h3>\r\n\r\n\r\n\r\n\r\nCookies\r\n\r\n\r\n\r\n\r\n\r\nDie Internetseiten verwenden teilweise so genannte Cookies. Cookies\r\nrichten auf Ihrem Rechner keinen Schaden an und enthalten keine Viren.\r\nCookies dienen dazu, unser Angebot nutzerfreundlicher, effektiver und\r\nsicherer zu machen. Cookies sind kleine Textdateien, die auf Ihrem\r\nRechner abgelegt werden und die Ihr Browser speichert.\r\n\r\n\r\n\r\n\r\n\r\nDie meisten der von uns verwendeten Cookies sind so genannte\r\n\u201cSession-Cookies\u201d. Sie werden nach Ende Ihres Besuchs automatisch\r\ngel\u00f6scht. Andere Cookies bleiben auf Ihrem Endger\u00e4t gespeichert bis Sie\r\ndiese l\u00f6schen. Diese Cookies erm\u00f6glichen es uns, Ihren Browser beim\r\nn\u00e4chsten Besuch wiederzuerkennen.\r\n\r\n\r\n\r\n\r\n\r\nSie k\u00f6nnen Ihren Browser so einstellen, dass Sie \u00fcber das Setzen von\r\nCookies informiert werden und Cookies nur im Einzelfall erlauben, die\r\nAnnahme von Cookies f\u00fcr bestimmte F\u00e4lle oder generell ausschlie\u00dfen sowie\r\ndas automatische L\u00f6schen der Cookies beim Schlie\u00dfen des Browser\r\naktivieren. Bei der Deaktivierung von Cookies kann die Funktionalit\u00e4t\r\ndieser Website eingeschr\u00e4nkt sein.\r\n\r\n\r\n\r\n\r\n\r\nCookies, die zur Durchf\u00fchrung des elektronischen\r\nKommunikationsvorgangs oder zur Bereitstellung bestimmter, von Ihnen\r\nerw\u00fcnschter Funktionen (z.B. Warenkorbfunktion) erforderlich sind,\r\nwerden auf Grundlage von Art. 6 Abs. 1 lit. f DSGVO gespeichert. Der\r\nWebsitebetreiber hat ein berechtigtes Interesse an der Speicherung von\r\nCookies zur technisch fehlerfreien und optimierten Bereitstellung seiner\r\nDienste. Soweit andere Cookies (z.B. Cookies zur Analyse Ihres\r\nSurfverhaltens) gespeichert werden, werden diese in dieser\r\nDatenschutzerkl\u00e4rung gesondert behandelt.\r\n\r\n\r\n\r\n\r\n\r\nKontaktformular\r\n\r\n\r\n\r\n\r\n\r\nWenn Sie uns per Kontaktformular Anfragen zukommen lassen, werden\r\nIhre Angaben aus dem Anfrageformular inklusive der von Ihnen dort\r\nangegebenen Kontaktdaten zwecks Bearbeitung der Anfrage und f\u00fcr den Fall\r\nvon Anschlussfragen bei uns gespeichert. Diese Daten geben wir nicht\r\nohne Ihre Einwilligung weiter.\r\n\r\n\r\n\r\n\r\n\r\nDie Verarbeitung der in das Kontaktformular eingegebenen Daten\r\nerfolgt somit ausschlie\u00dflich auf Grundlage Ihrer Einwilligung (Art. 6\r\nAbs. 1 lit. a DSGVO). Sie k\u00f6nnen diese Einwilligung jederzeit\r\nwiderrufen. Dazu reicht eine formlose Mitteilung per E-Mail an uns. Die\r\nRechtm\u00e4\u00dfigkeit der bis zum Widerruf erfolgten Datenverarbeitungsvorg\u00e4nge\r\nbleibt vom Widerruf unber\u00fchrt.\r\n\r\n\r\n\r\n\r\n\r\nDie von Ihnen im Kontaktformular eingegebenen Daten verbleiben bei\r\nuns, bis Sie uns zur L\u00f6schung auffordern, Ihre Einwilligung zur\r\nSpeicherung widerrufen oder der Zweck f\u00fcr die Datenspeicherung entf\u00e4llt\r\n(z.B. nach abgeschlossener Bearbeitung Ihrer Anfrage). Zwingende\r\ngesetzliche Bestimmungen \u2013 insbesondere Aufbewahrungsfristen \u2013 bleiben\r\nunber\u00fchrt.\r\n\r\n\r\n\r\n\r\n<h3>4. Plugins und Tools<\/h3>\r\n\r\n\r\n\r\n\r\nYouTube\r\n\r\n\r\n\r\n\r\n\r\nUnsere Website nutzt Plugins der von Google betriebenen Seite\r\nYouTube. Betreiber der Seiten ist die YouTube, LLC, 901 Cherry Ave., San\r\nBruno, CA 94066, USA.\r\n\r\n\r\n\r\n\r\n\r\nWenn Sie eine unserer mit einem YouTube-Plugin ausgestatteten Seiten\r\nbesuchen, wird eine Verbindung zu den Servern von YouTube hergestellt.\r\nDabei wird dem YouTube-Server mitgeteilt, welche unserer Seiten Sie\r\nbesucht haben.\r\n\r\n\r\n\r\n\r\n\r\nWenn Sie in Ihrem YouTube-Account eingeloggt sind, erm\u00f6glichen Sie\r\nYouTube, Ihr Surfverhalten direkt Ihrem pers\u00f6nlichen Profil zuzuordnen.\r\nDies k\u00f6nnen Sie verhindern, indem Sie sich aus Ihrem YouTube-Account\r\nausloggen.\r\n\r\n\r\n\r\n\r\n\r\nDie Nutzung von YouTube erfolgt im Interesse einer ansprechenden\r\nDarstellung unserer Online-Angebote. Dies stellt ein berechtigtes\r\nInteresse im Sinne von Art. 6 Abs. 1 lit. f DSGVO dar.\r\n\r\n\r\n\r\n\r\n\r\nWeitere Informationen zum Umgang mit Nutzerdaten finden Sie in der Datenschutzerkl\u00e4rung von YouTube unter: <a href=\"https:\/\/www.google.de\/intl\/de\/policies\/privacy\">https:\/\/www.google.de\/intl\/de\/policies\/privacy<\/a>. Google Maps\r\n\r\n\r\n\r\n\r\n\r\nDiese Seite nutzt \u00fcber eine API den Kartendienst Google Maps.\r\nAnbieter ist die Google Inc., 1600 Amphitheatre Parkway, Mountain View,\r\nCA 94043, USA.\r\n\r\n\r\n\r\n\r\n\r\nZur Nutzung der Funktionen von Google Maps ist es notwendig, Ihre IP\r\nAdresse zu speichern. Diese Informationen werden in der Regel an einen\r\nServer von Google in den USA \u00fcbertragen und dort gespeichert. Der\r\nAnbieter dieser Seite hat keinen Einfluss auf diese Daten\u00fcbertragung.\r\n\r\n\r\n\r\n\r\n\r\nDie Nutzung von Google Maps erfolgt im Interesse einer ansprechenden\r\nDarstellung unserer Online-Angebote und an einer leichten Auffindbarkeit\r\nder von uns auf der Website angegebenen Orte. Dies stellt ein\r\nberechtigtes Interesse im Sinne von Art. 6 Abs. 1 lit. f DSGVO dar.\r\n\r\n\r\n\r\n\r\n\r\nMehr Informationen zum Umgang mit Nutzerdaten finden Sie in der Datenschutzerkl\u00e4rung von Google: <a href=\"https:\/\/www.google.de\/intl\/de\/policies\/privacy\/\">https:\/\/www.google.de\/intl\/de\/policies\/privacy\/<\/a>.\r\n\r\n\r\n\r\n<div class=\"clear cf\" style=\"margin-top:0;margin-bottom:72px\"><\/div>\r\n\r\n <\/div><\/div>","protected":false},"excerpt":{"rendered":"","protected":false},"author":1,"featured_media":0,"parent":0,"menu_order":0,"comment_status":"closed","ping_status":"closed","template":"","meta":[],"_links":{"self":[{"href":"https:\/\/expedition-8.com\/en\/wp-json\/wp\/v2\/pages\/3019"}],"collection":[{"href":"https:\/\/expedition-8.com\/en\/wp-json\/wp\/v2\/pages"}],"about":[{"href":"https:\/\/expedition-8.com\/en\/wp-json\/wp\/v2\/types\/page"}],"author":[{"embeddable":true,"href":"https:\/\/expedition-8.com\/en\/wp-json\/wp\/v2\/users\/1"}],"replies":[{"embeddable":true,"href":"https:\/\/expedition-8.com\/en\/wp-json\/wp\/v2\/comments?post=3019"}],"version-history":[{"count":7,"href":"https:\/\/expedition-8.com\/en\/wp-json\/wp\/v2\/pages\/3019\/revisions"}],"predecessor-version":[{"id":3310,"href":"https:\/\/expedition-8.com\/en\/wp-json\/wp\/v2\/pages\/3019\/revisions\/3310"}],"wp:attachment":[{"href":"https:\/\/expedition-8.com\/en\/wp-json\/wp\/v2\/media?parent=3019"}],"curies":[{"name":"wp","href":"https:\/\/api.w.org\/{rel}","templated":true}]}}