{"id":434,"date":"2017-05-08T17:56:00","date_gmt":"2017-05-08T15:56:00","guid":{"rendered":"http:\/\/expedition-8.com\/?page_id=434"},"modified":"2020-05-05T01:00:11","modified_gmt":"2020-05-04T23:00:11","slug":"home-2","status":"publish","type":"page","link":"https:\/\/expedition-8.com\/en\/home-2\/","title":{"rendered":"Home"},"content":{"rendered":"<div class=\"row cf\" style=\"background: url('http:\/\/expedition-8.com\/wp-content\/uploads\/2017\/05\/DSC4943-lowres-e1497299041765.jpg') no-repeat 50% 0 fixed;background-size: auto;padding: 128px 0 108px 0;\"><div class=\"wrap\"> \n<div class=\"clear cf\" style=\"margin-top:160px;margin-bottom:0\"><\/div>\n<h6 class=\"white\" style=\"text-align: left;\">Welcome<\/h6>\n<h1 class=\"page-title white\" style=\"text-align: left;\">Strategy is &#8230;<br \/>\nExecution is&#8230;<br \/>\nPeople.<\/h1>\n <\/div><\/div>\n<div class=\"row cf\" style=\"background-color: transparent;background-size: auto;padding: 72px 0;\"><div class=\"wrap\"> \n<div class=\"full_width \" style=\"\"> \n<div class=\"two_third \" style=\"\">\n<h4>Your Expedition 8 begins now<\/h4>\n<p class=\"lead \" >Gehen Sie mit uns neue Wege in <span style=\"color: #000;\"><strong>Strategieumsetzung<\/strong><\/span>, <span style=\"color: #000;\"><strong>Kompetenzentwicklung<\/strong><\/span> und <span style=\"color: #000;\"><strong>HR-Management<\/strong><\/span>. Erfahren Sie was wir machen, wer wir sind, wof\u00fcr unser Name steht, was wir denken und wo Sie uns finden. Erkunden Sie unsere Vorschl\u00e4ge f\u00fcr Ihre weitere Routenplanung.<\/p>\n<\/div>\n<div class=\"one_third last \" style=\"\"> \n<img loading=\"lazy\" class=\"aligncenter size-full wp-image-746\" src=\"http:\/\/expedition-8.com\/wp-content\/uploads\/2017\/05\/mountain.png\" alt=\"\" width=\"256\" height=\"256\" srcset=\"https:\/\/expedition-8.com\/wp-content\/uploads\/2017\/05\/mountain.png 256w, https:\/\/expedition-8.com\/wp-content\/uploads\/2017\/05\/mountain-150x150.png 150w, https:\/\/expedition-8.com\/wp-content\/uploads\/2017\/05\/mountain-180x180.png 180w, https:\/\/expedition-8.com\/wp-content\/uploads\/2017\/05\/mountain-125x125.png 125w\" sizes=\"(max-width: 256px) 100vw, 256px\" \/>\n <\/div><div class=\"cf\"><\/div>\n <\/div><div class=\"cf\"><\/div>\n<div class=\"clear cf\" style=\"margin-top:0;margin-bottom:48px\"><\/div>\n <\/div><\/div>\n<div class=\"row parallax cf\" style=\"background: url('http:\/\/expedition-8.com\/wp-content\/uploads\/2017\/05\/DSC4894-lowres.jpg') no-repeat 50% 0 fixed;background-size: auto;padding: 256px 0 5%;\"><div class=\"wrap\"> \n<div class=\"two_third \" style=\"\">\n<h6><span style=\"color: #fff;\">Route 1<\/span><\/h6>\n<div class=\"clear cf\" style=\"margin-top:24px;margin-bottom:0\"><\/div>\n<h1 class=\"white page-title hard-start\">Konzepte f\u00fcr die Zukunft ins Handeln bringen<\/h1>\n<\/div>\n<div class=\"one_third last \" style=\"\"> \n <\/div><div class=\"cf\"><\/div>\n <\/div><\/div>\n<div class=\"row cf\" style=\"background-color: transparent;background-size: auto;padding: 72px 0 72px;\"><div class=\"wrap\"> \n<div class=\"full_width \" style=\"\"> \n<div class=\"one_half \" style=\"\"> \n<h4>F\u00fcr Unternehmer und Strategen<\/h4>\n<p class=\"lead \" >Wir begleiten Unternehmer, Management und F\u00fchrungskr\u00e4fte aller Hierarchieebenen dabei, Konzepte f\u00fcr die Zukunft ins Handeln zu bringen. Unser Ziel: Akzeptanz und Unterst\u00fctzung f\u00fcr Ihre Vorhaben sichern \u2013 auch \u00fcber Hierarchieebenen hinweg.<\/p>\n<a href=\"http:\/\/expedition-8.com\/strategieumetzung\/\" class=\"link black\" target=\"_self\">Mehr Details<\/a>\n <\/div>\n<div class=\"one_half last \" style=\"\"> \n<div class='shortcode_service_table_holder' style='background-color: transparent; '><div class='shortcode_service_table_inner'><div class='title_holder ' style='color: #000;'><div class='title_inner'><i class='fa fa-4x fa-key' style='color: #000;'><\/i><h6 class='service_title' style='color: #000;'>Strategieumsetzung<\/h6><\/div><\/div><div class='service_table_content' style='background-color: transparent;'>\nUmsetzungs-Architektur<br \/>\nChange Management<br \/>\nBereichsentwicklung<br \/>\nTeamentwicklung<br \/>\nUmsetzungscoaching<br \/>\n<\/div><\/div><\/div>\n <\/div><div class=\"cf\"><\/div>\n <\/div><div class=\"cf\"><\/div>\n <\/div><\/div>\n<div class=\"row parallax cf\" style=\"background: url('http:\/\/expedition-8.com\/wp-content\/uploads\/2017\/05\/DSC4901-lowres.jpg') no-repeat 50% 0 fixed;background-size: auto;padding: 256px 0 5%;\"><div class=\"wrap\"> \n<div class=\"two_third \" style=\"\">\n<h6><span style=\"color: #fff;\">Route 2<\/span><\/h6>\n<div class=\"clear cf\" style=\"margin-top:24px;margin-bottom:0\"><\/div>\n<h1 class=\"white page-title hard-start\">F\u00fchrungsqualit\u00e4t und\u00a0Produktivit\u00e4t sichern<\/h1>\n<\/div>\n<div class=\"one_third last \" style=\"\"> \n <\/div><div class=\"cf\"><\/div>\n <\/div><\/div>\n<div class=\"row cf\" style=\"background-color: transparent;background-size: auto;padding: 72px 0 72px;\"><div class=\"wrap\"> \n<div class=\"full_width \" style=\"\"> \n<div class=\"one_half \" style=\"\"> \n<h4><span style=\"color: #000000;\">F\u00fcr F\u00fchrungskr\u00e4fte und Experten<\/span><\/h4>\n<p class=\"lead \" >F\u00fcr unternehmerische Expeditionen gelten andere Gesetzm\u00e4\u00dfigkeiten als f\u00fcr Routineaktivit\u00e4ten in bekanntem und \u00fcbersichtlichem Gel\u00e4nde. Wir sichern mit unserer Expertise die Wirksamkeit Ihrer F\u00fchrungskr\u00e4fte und Experten. Denn weiter oben wird die Luft d\u00fcnner.<\/p>\n<a href=\"http:\/\/expedition-8.com\/kompetenzentwicklung\/\" class=\"link black\" target=\"_self\">Mehr Details<\/a>\n <\/div>\n<div class=\"one_half last \" style=\"\"> \n<div class='shortcode_service_table_holder' style='background-color: transparent; '><div class='shortcode_service_table_inner'><div class='title_holder ' style='color: #000;'><div class='title_inner'><i class='fa fa-4x fa-magic' style='color: #000;'><\/i><h6 class='service_title' style='color: #000;'>Kompetenzentwicklung<\/h6><\/div><\/div><div class='service_table_content' style='background-color: transparent;'>\nKompetenzmodelle<br \/>\nF\u00fchrungskr\u00e4fteentwicklung<br \/>\nExpertenqualifizierung<br \/>\nUmsetzungscoaching<br \/>\nExterne Moderation<br \/>\nProzessbegleitung<br \/>\n<\/div><\/div><\/div>\n <\/div><div class=\"cf\"><\/div>\n <\/div><div class=\"cf\"><\/div>\n <\/div><\/div>\n<div class=\"row parallax cf\" style=\"background: url('http:\/\/expedition-8.com\/wp-content\/uploads\/2016\/01\/shutterstock_432338920.png') no-repeat 50% 0 fixed;background-size: auto;padding: 256px 0 5%;\"><div class=\"wrap\"> \n<div class=\"two_third \" style=\"\">\n<h6><span style=\"color: #fff;\">Route 3<\/span><\/h6>\n<div class=\"clear cf\" style=\"margin-top:24px;margin-bottom:0\"><\/div>\n<h1 class=\"white page-title hard-start\">HR auf Augenh\u00f6he mit dem Business<\/h1>\n<\/div>\n<div class=\"one_third last \" style=\"\"> \n <\/div><div class=\"cf\"><\/div>\n <\/div><\/div>\n<div class=\"row cf\" style=\"background-color: transparent;background-size: auto;padding: 72px 0 72px;\"><div class=\"wrap\"> \n<div class=\"full_width \" style=\"\"> \n<div class=\"one_half \" style=\"\"> \n<h4><span style=\"color: #000000;\">F\u00fcr HR Manager und HR Business Partner<\/span><\/h4>\n<p class=\"lead \" >Der Erfolg einer Expedition h\u00e4ngt ganz entscheidend von einem Faktor ab. Von Menschen,\u00a0die sich engagiert und motiviert den Herausforderungen stellen.\u00a0Hierf\u00fcr\u00a0braucht es eine wettbewerbsf\u00e4hige HR-Funktion als treibende Kraft. Wir unterst\u00fctzen Sie dabei, die personalwirtschaftlichen Rahmenbedingungen f\u00fcr Ihre Expedition 8 zu schaffen.<\/p>\n<a href=\"http:\/\/expedition-8.com\/hr-management\/\" class=\"link black\" target=\"_self\">Mehr Details<\/a>\n <\/div>\n<div class=\"one_half last \" style=\"\"> \n<div class='shortcode_service_table_holder' style='background-color: transparent; '><div class='shortcode_service_table_inner'><div class='title_holder ' style='color: #000;'><div class='title_inner'><i class='fa fa-4x fa-heartbeat' style='color: #000;'><\/i><h6 class='service_title' style='color: #000;'>HR-Management<\/h6><\/div><\/div><div class='service_table_content' style='background-color: transparent;'>\nHR-Strategie<br \/>\nTalent Management<br \/>\nPerformance Management<br \/>\nUnternehmenskultur<br \/>\nHR-Steuerungssysteme und Kennzahlen<br \/>\nHR Information Systems und HR Analytics<br \/>\n<\/div><\/div><\/div>\n <\/div><div class=\"cf\"><\/div>\n <\/div><div class=\"cf\"><\/div>\n <\/div><\/div>\n<div class=\"row parallax cf\" style=\"background: url('http:\/\/expedition-8.com\/wp-content\/uploads\/2016\/01\/chairs-home-meeting-4428-2.jpeg') no-repeat 50% 0 fixed;background-size: auto;padding: 256px 0 5%;\"><div class=\"wrap\"> \n<div class=\"two_third \" style=\"\">\n<h6><span style=\"color: #fff;\">Route 4<\/span><\/h6>\n<div class=\"clear cf\" style=\"margin-top:24px;margin-bottom:0\"><\/div>\n<h1 class=\"white page-title hard-start\">Gemeinsam neue<br \/>\nZiele erreichen<\/h1>\n<\/div>\n<div class=\"one_third last \" style=\"\"> \n <\/div><div class=\"cf\"><\/div>\n <\/div><\/div>\n<div class=\"row cf\" style=\"background-color: transparent;background-size: auto;padding: 72px 0 72px;\"><div class=\"wrap\"> \n<div class=\"full_width \" style=\"\"> \n<div class=\"one_half \" style=\"\"> \n<h4><\/h4>\n<h4>Die Abk\u00fcrzung f\u00fcr Navigationsprofis<\/h4>\n<p class=\"lead \" >Sie kennen sich bereits mit dem Leistungsangebot integrierter Trainings- und Beratungsdienstleister\u00a0aus und wissen schon, wie wir Sie durch Training, Coaching, Beratung, Workshop\u00a0und Moderation unterst\u00fctzen k\u00f6nnen? Dann schicken Sie uns eine\u00a0Nachricht. Oder noch\u00a0besser: rufen Sie uns an. Wir freuen uns auf Sie.<\/p>\n <\/div>\n<div class=\"one_half last \" style=\"\"> \n<div class=\"clear cf\" style=\"margin-top:48px;margin-bottom:0\"><\/div>\n<div class='shortcode_icon_with_title very_large  center'><div class=\"icon_holder\" style=\" \"><span style=\"\" class=\"fa_icon fa-5x \"><i class=\"fa fa-map-signs\" style=\"color: #000;\"><\/i><\/span><\/div><div class=\"icon_text_holder\" style=\"\"><div class=\"icon_text_inner\" style=\"\"><h6 class=\"icon_title\" style=\"\">Unsere<br \/>\nKoordinaten<\/h6><p style='color: #000'><strong>52,40\u00b0 N 9,80\u00b0 E.<\/strong><br \/>\n<strong>48,74\u00b0 N 9,17\u00b0 E.<\/strong><\/p><\/div><\/div><\/div>\n<p style=\"text-align: center;\"><a href=\"http:\/\/expedition-8.com\/contact\/contact-simple\" target=\"_self\" class=\"btn black\" style=\"color: white; \">Hier erreichen Sie uns<\/a>\n <\/div><div class=\"cf\"><\/div>\n <\/div><div class=\"cf\"><\/div>\n <\/div><\/div>\n","protected":false},"excerpt":{"rendered":"","protected":false},"author":1,"featured_media":0,"parent":0,"menu_order":0,"comment_status":"closed","ping_status":"closed","template":"","meta":[],"_links":{"self":[{"href":"https:\/\/expedition-8.com\/en\/wp-json\/wp\/v2\/pages\/434"}],"collection":[{"href":"https:\/\/expedition-8.com\/en\/wp-json\/wp\/v2\/pages"}],"about":[{"href":"https:\/\/expedition-8.com\/en\/wp-json\/wp\/v2\/types\/page"}],"author":[{"embeddable":true,"href":"https:\/\/expedition-8.com\/en\/wp-json\/wp\/v2\/users\/1"}],"replies":[{"embeddable":true,"href":"https:\/\/expedition-8.com\/en\/wp-json\/wp\/v2\/comments?post=434"}],"version-history":[{"count":384,"href":"https:\/\/expedition-8.com\/en\/wp-json\/wp\/v2\/pages\/434\/revisions"}],"predecessor-version":[{"id":3168,"href":"https:\/\/expedition-8.com\/en\/wp-json\/wp\/v2\/pages\/434\/revisions\/3168"}],"wp:attachment":[{"href":"https:\/\/expedition-8.com\/en\/wp-json\/wp\/v2\/media?parent=434"}],"curies":[{"name":"wp","href":"https:\/\/api.w.org\/{rel}","templated":true}]}}