{"id":451,"date":"2017-05-08T18:48:47","date_gmt":"2017-05-08T16:48:47","guid":{"rendered":"http:\/\/expedition-8.com\/?page_id=451"},"modified":"2020-05-04T22:16:50","modified_gmt":"2020-05-04T20:16:50","slug":"strategie_transformation","status":"publish","type":"page","link":"https:\/\/expedition-8.com\/en\/strategie_transformation\/","title":{"rendered":"Strategie_Transformation"},"content":{"rendered":"<div class=\"row parallax cf\" style=\"background: url('http:\/\/expedition-8.com\/wp-content\/uploads\/2017\/05\/DSC4894-lowres.jpg') no-repeat 50% 0 fixed;background-size: auto;padding: 128px 0 108px 0;\"><div class=\"wrap\"> \n<div class=\"clear cf\" style=\"margin-top:72px;margin-bottom:0\"><\/div>\n<h6 class=\"white\">Strategie &#038; Transformation<\/h6>\n<h1 class=\"page-title white\">Dinge hinterfragen.<br \/>\nDinge \u00e4ndern.<br \/>\nNeue Ziele erreichen.<\/h1>\n <\/div><\/div>\n<div class=\"row cf\" style=\"background-color: transparent;background-size: auto;padding: 72px 0 0 0;\"><div class=\"wrap\"> \n<div class=\"two_third \" style=\"\">\n<h3 class=\"black\">Unser Angebot f\u00fcr Sie<\/h3>\n<p class=\"lead \" >Wir begleiten Unternehmer, Management und F\u00fchrungskr\u00e4fte aller Hierarchieebenen dabei, Konzepte f\u00fcr die Zukunft zu entwickeln und ins Handeln zu bringen. Intelligente Konzepte verbinden die harten und weichen Erfolgsfaktoren und sorgen so f\u00fcr Akzeptanz und Unterst\u00fctzung \u2013 auch \u00fcber Hierarchieebenen hinweg. Das Ergebnis: Sie gehen in F\u00fchrung &#8211; im Denken und Handeln f\u00fcr eine neue Zeit. Unsere Leistungsbausteine lassen sich flexibel \u2013 je nach vorhandenem Know-How und konkretem Bedarf \u2013 miteinander kombinieren.<\/p>\n<\/div>\n<div class=\"one_third last \" style=\"\"> \n<div class=\"clear cf\" style=\"margin-top:72px;margin-bottom:0\"><\/div>\n<h6 class=\"white\"><\/h6>\n<img loading=\"lazy\" class=\"aligncenter size-full wp-image-1225\" src=\"http:\/\/expedition-8.com\/wp-content\/uploads\/2017\/05\/003-target.png\" alt=\"\" width=\"256\" height=\"256\" srcset=\"https:\/\/expedition-8.com\/wp-content\/uploads\/2017\/05\/003-target.png 256w, https:\/\/expedition-8.com\/wp-content\/uploads\/2017\/05\/003-target-150x150.png 150w, https:\/\/expedition-8.com\/wp-content\/uploads\/2017\/05\/003-target-180x180.png 180w, https:\/\/expedition-8.com\/wp-content\/uploads\/2017\/05\/003-target-125x125.png 125w\" sizes=\"(max-width: 256px) 100vw, 256px\" \/>\n <\/div><div class=\"cf\"><\/div>\n <\/div><\/div>\n<div class=\"row cf\" style=\"background-color: transparent;background-size: auto;padding: 72px 0 0 0;\"><div class=\"wrap\"> \n<h3 style=\"color: #000;\">Leistungsbausteine im Einzelnen<\/h3>\n<div class=\"clear cf\" style=\"margin-top:72px;margin-bottom:0\"><\/div>\n<div class=\"one_third \" style=\"\">\n<h4 class=\"hard-top\" style=\"text-align: left;\"><span style=\"color: #000;\">Business<\/span><br \/>\n<span style=\"color: #000;\">Model<\/span><br \/>\n<span style=\"color: #000;\">Innovation<\/span><span style=\"color: #000;\">.<\/span><\/h4>\n<\/div>\n<div class=\"two_third last \" style=\"\"> \n<p class=\"lead \" >Wir unterst\u00fctzen Sie bei der Analyse und intelligenten Weiterentwicklung der Funktionslogik Ihres Unternehmens: dem Gesch\u00e4ftsmodell. Tools, wie das Business Model Canvas oder das 7K-Modell, helfen Ihnen, vernetzt zu denken und die einzelnen Elemente Ihres Gesch\u00e4ftsmodells smart aufeinander abzustimmen. Einzigartigkeit und intelligente Performance entsteht. Sie sind einen Schritt weiter und smarter als der Wettbewerb und f\u00fchren M\u00e4rkte an.<\/p>\n <\/div><div class=\"cf\"><\/div>\n<div class=\"clear cf\" style=\"margin-top:72px;margin-bottom:0\"><\/div>\n<div class=\"one_third \" style=\"\">\n<h4 class=\"hard-top\" style=\"text-align: left;\"><span style=\"color: #000;\">Digitale<\/span><br \/>\n<span style=\"color: #000;\">Transformation.<\/span><br \/>\n<span style=\"color: #000;\">Agile Organisation<\/span><span style=\"color: #000;\">.<\/span><\/h4>\n<\/div>\n<div class=\"two_third last \" style=\"\"> \n<p class=\"lead \" >Digitalisierung und Agilisierung sind die Megatrends, die viele Gesch\u00e4ftsmodelle vor gro\u00dfe Herausforderungen stellen. Wir unterst\u00fctzen Sie dabei, Digitalisierung und Agilisierung greif- und erlebbar zu machen und zu Ihrem Vorteil zu nutzen. Egal, ob es sich dabei um automatiserte Workflows, k\u00fcnstliche Intelligenzen oder agile Arbeitsweisen handelt. Wir helfen Ihnen beim Auffinden jener Unternehmensbereiche und Anwendungsfelder, die besonders stark profitieren und begleiten Sie bei der Umsetzung.<\/p>\n <\/div><div class=\"cf\"><\/div>\n<div class=\"clear cf\" style=\"margin-top:72px;margin-bottom:0\"><\/div>\n<div class=\"one_third \" style=\"\">\n<h4 class=\"hard-top\" style=\"text-align: left;\"><span style=\"color: #000;\">Strategie-Review.<\/span><br \/>\n<span style=\"color: #000;\">Strategisches<\/span><br \/>\n<span style=\"color: #000;\">Zielsystem<\/span><span style=\"color: #000;\">.<\/span><\/h4>\n<\/div>\n<div class=\"two_third last \" style=\"\"> \n<p class=\"lead \" >Sie haben Ihre Strategie erarbeitet und nun geht es um die Umsetzung. Wir \u00fcberpr\u00fcfen Ihre formulierte Strategie bezogen auf den Reifegrad f\u00fcr die Umsetzung. Wir besprechen mit Ihnen konkrete strategische Ziele und \u00fcberf\u00fchren diese in ein strategisches Zielsystem mit Kennzahlen, Zielwerten und Ma\u00dfnahmen. Oder anders ausgedr\u00fcckt: wir helfen Ihnen die Strategie zu operationalisieren und so auch auf Durchf\u00fchrungsebene nachvollziehbar und realisierbar zu machen.<\/p>\n <\/div><div class=\"cf\"><\/div>\n<div class=\"clear cf\" style=\"margin-top:72px;margin-bottom:0\"><\/div>\n<div class=\"one_third \" style=\"\">\n<h4 class=\"hard-top\" style=\"text-align: left;\"><span style=\"color: #000;\">Strategieprozess.<\/span><br \/>\n<span style=\"color: #000;\">Umsetzungsarchitektur.<\/span><br \/>\n<span style=\"color: #000;\">Change Management<\/span><span style=\"color: #000;\">.<\/span><\/h4>\n<\/div>\n<div class=\"two_third last \" style=\"\"> \n<p class=\"lead \" >Wir erarbeiten mit Ihnen gemeinsam den Prozess der Strategieerstellung und der Strategieumsetzung \u00fcber Hierarchieebenen hinweg. Wir analysieren die Organisation in Bezug auf die Unterst\u00fctzung durch wichtige Schl\u00fcsselgruppen und -personen und arbeiten zu erwartende Umsetzungsbarrieren heraus. Wir empfehlen Analyse- und Konzeptionstools und moderieren den Strategieprozess in der Erstellungs- und Umsetzungsphase. Als Sparringspartner f\u00fcr den Gesamtprozess reflektieren wir gemeinsam mit Ihnen in regelm\u00e4\u00dfigen Abst\u00e4nden die aktuelle Situation. Wir analysieren Dynamiken, machen auf m\u00f6gliche Probleme aufmerksam, entwickeln Hypothesen zu Widerst\u00e4nden und definieren Handlungsoptionen zur \u00dcberwindung von Hindernissen.<\/p>\n <\/div><div class=\"cf\"><\/div>\n<div class=\"clear cf\" style=\"margin-top:72px;margin-bottom:0\"><\/div>\n<div class=\"one_third \" style=\"\">\n<h4 class=\"hard-top\" style=\"text-align: left;\"><span style=\"color: #000;\">Klausur. Tagung.<br \/>\nWorkshop. Event.<\/span><br \/>\n<span style=\"color: #000;\">Meet-Up<\/span><span style=\"color: #000;\">. Barcamp.<br \/>\nOpen Space. Hackathon.<br \/>\n<\/span><\/h4>\n<\/div>\n<div class=\"two_third last \" style=\"\"> \n<p class=\"lead \" >Von Workshops bis Gro\u00dfgruppen konzipieren und moderieren wir die unterschiedlichsten partizipativen Veranstaltungsformate. Intelligente Veranstaltungskonzepte schaffen die Voraussetzungen f\u00fcr konsensf\u00e4hige Entscheidungen, tragf\u00e4hige Mehrheiten und Energie f\u00fcr Ver\u00e4nderung auf allen Ebenen im Unternehmen. <\/p>\n <\/div><div class=\"cf\"><\/div>\n<div class=\"clear cf\" style=\"margin-top:72px;margin-bottom:0\"><\/div>\n<div class=\"one_third \" style=\"\">\n<h4 class=\"hard-top\" style=\"text-align: left;\"><span style=\"color: #000;\">Neuausrichtung<\/span><br \/>\n<span style=\"color: #000;\"> von Bereichen,<\/span><br \/>\n<span style=\"color: #000;\"> Abteilungen und<\/span><br \/>\n<span style=\"color: #000;\"> Teams.<\/span><\/h4>\n<\/div>\n<div class=\"two_third last \" style=\"\"> \n<p class=\"lead \" >Wir unterst\u00fctzen Sie auf den unterschiedlichsten Hierarchieebenen dabei, einzelne Organisationseinheiten top-down oder bottom-up weiterzuentwickeln. Wir erarbeiten das k\u00fcnftige &#8220;Gesch\u00e4ftsmodell&#8221; des Bereichs, der Abteilung, des Teams gemeinsam mit Ihnen und begleiten Sie im Idealfall in der weiteren Umsetzung bis der Zielzustand erreicht ist.<\/p>\n <\/div><div class=\"cf\"><\/div>\n<div class=\"clear cf\" style=\"margin-top:72px;margin-bottom:0\"><\/div>\n<div class=\"one_third \" style=\"\">\n<h4 class=\"hard-top\" style=\"text-align: left;\"><span style=\"color: #000;\">Strategieteam.<\/span><br \/>\n<span style=\"color: #000;\">PMO.<\/span><br \/>\n<span style=\"color: #000;\">Projekt-<\/span><br \/>\n<span style=\"color: #000;\">management.<\/span><\/h4>\n<\/div>\n<div class=\"two_third last \" style=\"\"> \n<p class=\"lead \" >Als Partner auf Zeit \u00fcbernehmen wir T\u00e4tigkeiten im Tagesgesch\u00e4ft und in Vollzeit. Wir erg\u00e4nzen oder bilden Ihr Strategieteam, \u00fcbernehmen das Projektmanagement-Office (PMO) f\u00fcr die Strategieumsetzung bzw. das Projektmanagement f\u00fcr konkrete strategische Transformationsinitiativen. Wir managen die Prozesse, so dass Sie sich voll auf die Inhalte und das Fachliche konzentrieren k\u00f6nnen.<\/p>\n <\/div><div class=\"cf\"><\/div>\n<div class=\"clear cf\" style=\"margin-top:72px;margin-bottom:0\"><\/div>\n<div class=\"one_third \" style=\"\">\n<h4 class=\"hard-top\" style=\"text-align: left;\"><span style=\"color: #000;\">Management- und<\/span><br \/>\n<span style=\"color: #000;\"> Strategieteams sowie<\/span><br \/>\n<span style=\"color: #000;\"> HR-Verantwortliche<\/span><br \/>\n<span style=\"color: #000;\"> trainieren und coachen.<\/span><\/h4>\n<\/div>\n<div class=\"two_third last \" style=\"\"> \n<p class=\"lead \" >Wir transferieren systematisch unser Moderations- und Konzeptionswissen auf F\u00fchrungskr\u00e4fte und interne Moderatoren. Erg\u00e4nzendes Know-How\u00a0in Gruppen- und Organisationsdynamik schafft die notwendige Sicherheit f\u00fcr eine routinierte Ablaufsteuerung und den Umgang mit kritischen Situationen. Auch dann, wenn wir schon wieder weg sind.<\/p>\n <\/div><div class=\"cf\"><\/div>\n <\/div><\/div>\n<div class=\"row cf\" style=\"background-color: transparent;background-size: auto;padding: 72px 0 0 0;\"><div class=\"wrap\"> \n<h3><span style=\"color: #000000;\">Aktuelle Projekte<\/span><\/h3>\n <\/div><\/div>\n<div class=\"row cf\" style=\"background-color: transparent;background-size: auto;\"><div class=\"wrap\"> \n<div class=\"carousel-images no-lazy\"><div class=\"carousel-owl-single owl-carousel\">\n<div><img loading=\"lazy\" class=\"aligncenter wp-image-2989 size-large\" src=\"http:\/\/expedition-8.com\/wp-content\/uploads\/2017\/05\/Abteilungsstrategie-2-1024x682.png\" alt=\"\" width=\"640\" height=\"426\" srcset=\"https:\/\/expedition-8.com\/wp-content\/uploads\/2017\/05\/Abteilungsstrategie-2-1024x682.png 1024w, https:\/\/expedition-8.com\/wp-content\/uploads\/2017\/05\/Abteilungsstrategie-2-300x200.png 300w, https:\/\/expedition-8.com\/wp-content\/uploads\/2017\/05\/Abteilungsstrategie-2-768x512.png 768w, https:\/\/expedition-8.com\/wp-content\/uploads\/2017\/05\/Abteilungsstrategie-2.png 1333w\" sizes=\"(max-width: 640px) 100vw, 640px\" \/><\/div>\n<div><img loading=\"lazy\" class=\"aligncenter wp-image-2990 size-large\" src=\"http:\/\/expedition-8.com\/wp-content\/uploads\/2017\/05\/Leitbildumsetzung-1-1024x682.png\" alt=\"\" width=\"640\" height=\"426\" srcset=\"https:\/\/expedition-8.com\/wp-content\/uploads\/2017\/05\/Leitbildumsetzung-1-1024x682.png 1024w, https:\/\/expedition-8.com\/wp-content\/uploads\/2017\/05\/Leitbildumsetzung-1-300x200.png 300w, https:\/\/expedition-8.com\/wp-content\/uploads\/2017\/05\/Leitbildumsetzung-1-768x512.png 768w, https:\/\/expedition-8.com\/wp-content\/uploads\/2017\/05\/Leitbildumsetzung-1.png 1333w\" sizes=\"(max-width: 640px) 100vw, 640px\" \/><\/div>\n<div><img loading=\"lazy\" class=\"aligncenter wp-image-2991 size-large\" src=\"http:\/\/expedition-8.com\/wp-content\/uploads\/2017\/05\/Neues_Controllingsystem-1-1024x682.png\" alt=\"\" width=\"640\" height=\"426\" srcset=\"https:\/\/expedition-8.com\/wp-content\/uploads\/2017\/05\/Neues_Controllingsystem-1-1024x682.png 1024w, https:\/\/expedition-8.com\/wp-content\/uploads\/2017\/05\/Neues_Controllingsystem-1-300x200.png 300w, https:\/\/expedition-8.com\/wp-content\/uploads\/2017\/05\/Neues_Controllingsystem-1-768x512.png 768w, https:\/\/expedition-8.com\/wp-content\/uploads\/2017\/05\/Neues_Controllingsystem-1.png 1333w\" sizes=\"(max-width: 640px) 100vw, 640px\" \/><\/div>\n<div><img loading=\"lazy\" class=\"aligncenter wp-image-2992 size-large\" src=\"http:\/\/expedition-8.com\/wp-content\/uploads\/2017\/05\/Post_Merger_Integration-1-1024x682.png\" alt=\"\" width=\"640\" height=\"426\" srcset=\"https:\/\/expedition-8.com\/wp-content\/uploads\/2017\/05\/Post_Merger_Integration-1-1024x682.png 1024w, https:\/\/expedition-8.com\/wp-content\/uploads\/2017\/05\/Post_Merger_Integration-1-300x200.png 300w, https:\/\/expedition-8.com\/wp-content\/uploads\/2017\/05\/Post_Merger_Integration-1-768x512.png 768w, https:\/\/expedition-8.com\/wp-content\/uploads\/2017\/05\/Post_Merger_Integration-1.png 1333w\" sizes=\"(max-width: 640px) 100vw, 640px\" \/><\/div>\n<div><img loading=\"lazy\" class=\"aligncenter wp-image-2993 size-large\" src=\"http:\/\/expedition-8.com\/wp-content\/uploads\/2017\/05\/Strategisches_Zielsystem-1-1024x682.png\" alt=\"\" width=\"640\" height=\"426\" srcset=\"https:\/\/expedition-8.com\/wp-content\/uploads\/2017\/05\/Strategisches_Zielsystem-1-1024x682.png 1024w, https:\/\/expedition-8.com\/wp-content\/uploads\/2017\/05\/Strategisches_Zielsystem-1-300x200.png 300w, https:\/\/expedition-8.com\/wp-content\/uploads\/2017\/05\/Strategisches_Zielsystem-1-768x512.png 768w, https:\/\/expedition-8.com\/wp-content\/uploads\/2017\/05\/Strategisches_Zielsystem-1.png 1333w\" sizes=\"(max-width: 640px) 100vw, 640px\" \/><\/div>\n<\/div><\/div>\n<div class=\"clear cf\" style=\"margin-top:0;margin-bottom:72px\"><\/div>\n <\/div><\/div>\n","protected":false},"excerpt":{"rendered":"","protected":false},"author":1,"featured_media":0,"parent":0,"menu_order":0,"comment_status":"closed","ping_status":"closed","template":"","meta":[],"_links":{"self":[{"href":"https:\/\/expedition-8.com\/en\/wp-json\/wp\/v2\/pages\/451"}],"collection":[{"href":"https:\/\/expedition-8.com\/en\/wp-json\/wp\/v2\/pages"}],"about":[{"href":"https:\/\/expedition-8.com\/en\/wp-json\/wp\/v2\/types\/page"}],"author":[{"embeddable":true,"href":"https:\/\/expedition-8.com\/en\/wp-json\/wp\/v2\/users\/1"}],"replies":[{"embeddable":true,"href":"https:\/\/expedition-8.com\/en\/wp-json\/wp\/v2\/comments?post=451"}],"version-history":[{"count":105,"href":"https:\/\/expedition-8.com\/en\/wp-json\/wp\/v2\/pages\/451\/revisions"}],"predecessor-version":[{"id":3100,"href":"https:\/\/expedition-8.com\/en\/wp-json\/wp\/v2\/pages\/451\/revisions\/3100"}],"wp:attachment":[{"href":"https:\/\/expedition-8.com\/en\/wp-json\/wp\/v2\/media?parent=451"}],"curies":[{"name":"wp","href":"https:\/\/api.w.org\/{rel}","templated":true}]}}