{"id":459,"date":"2017-05-08T20:04:26","date_gmt":"2017-05-08T18:04:26","guid":{"rendered":"http:\/\/expedition-8.com\/?page_id=459"},"modified":"2020-05-04T22:34:28","modified_gmt":"2020-05-04T20:34:28","slug":"fuehrung_new_work","status":"publish","type":"page","link":"https:\/\/expedition-8.com\/en\/fuehrung_new_work\/","title":{"rendered":"F\u00fchrung_New_Work"},"content":{"rendered":"<div class=\"row parallax cf\" style=\"background: url('http:\/\/expedition-8.com\/wp-content\/uploads\/2017\/05\/DSC4901-lowres.jpg') no-repeat 50% 0 fixed;background-size: auto;padding: 124px 0 108px 0;\"><div class=\"wrap\"> \n<div class=\"three_fourth \" style=\"\">\n<div class=\"clear cf\" style=\"margin-top:72px;margin-bottom:0\"><\/div>\n<h6 class=\"white\">F\u00fchrung und New Work<\/h6>\n<h1 class=\"page-title white\">Kein Makeup.<br \/>\nViel Ausdruck.<br \/>\nNeue M\u00f6glichkeiten.<\/h1>\n<p class=\"lead white\"><\/div>\n<div class=\"one_fourth last \" style=\"\"> \n <\/div><div class=\"cf\"><\/div>\n <\/div><\/div>\n<div class=\"row cf\" style=\"background-color: transparent;background-size: auto;padding: 72px 0 0 0;\"><div class=\"wrap\"> \n<div class=\"two_third \" style=\"\">\n<h3 class=\"black\">Unser Angebot f\u00fcr Sie<\/h3>\n<p class=\"lead \" >Erfahrene Bergsteiger wissen: oben am Berg gelten andere Regeln, als weiter unten im \u00fcbersichtlichem und bekanntem Gel\u00e4nde. Wir sichern mit unserer Expertise die Wirksamkeit Ihres HR-Bereichs sowie Ihrer F\u00fchrungskr\u00e4fte und Experten auch unter abenteuerlichen Bedingungen. Denn weiter oben wird die Luft d\u00fcnner und das Wetter schl\u00e4gt unberechenbarer und schneller um.<\/p>\n<\/div>\n<div class=\"one_third last \" style=\"\"> \n<div class=\"clear cf\" style=\"margin-top:72px;margin-bottom:0\"><\/div>\n<h6 class=\"white\"><\/h6>\n<img loading=\"lazy\" class=\"aligncenter wp-image-1830 size-full\" src=\"http:\/\/expedition-8.com\/wp-content\/uploads\/2016\/01\/029-compass.png\" alt=\"\" width=\"256\" height=\"256\" srcset=\"https:\/\/expedition-8.com\/wp-content\/uploads\/2016\/01\/029-compass.png 256w, https:\/\/expedition-8.com\/wp-content\/uploads\/2016\/01\/029-compass-150x150.png 150w, https:\/\/expedition-8.com\/wp-content\/uploads\/2016\/01\/029-compass-180x180.png 180w, https:\/\/expedition-8.com\/wp-content\/uploads\/2016\/01\/029-compass-125x125.png 125w\" sizes=\"(max-width: 256px) 100vw, 256px\" \/>\n <\/div><div class=\"cf\"><\/div>\n <\/div><\/div>\n<div class=\"row cf\" style=\"background-color: transparent;background-size: auto;padding: 72px 0 0 0;\"><div class=\"wrap\"> \n<h3><span style=\"color: #000;\">Leistungsbausteine im Einzelnen<\/span><\/h3>\n<div class=\"clear cf\" style=\"margin-top:72px;margin-bottom:0\"><\/div>\n<div class=\"one_third \" style=\"\">\n<h4 class=\"hard-top\" style=\"text-align: left;\">Praxisunterst\u00fctzung<br \/>\nF\u00fchrungskr\u00e4fte,<br \/>\nProjektleiter und Experten.<\/h4>\n<\/div>\n<div class=\"two_third last \" style=\"\"> \n<p class=\"lead \" >Wir unterst\u00fctzen F\u00fchrungskr\u00e4fte, Projektleiter und Experten im Tagesgesch\u00e4ft durch Vorbereitung, Begleitung und Moderation von Besprechungen, Workshops und wichtigen Gespr\u00e4chssituationen. Wir erarbeiten gemeinsam eine Strategie, wie wir vorgehen wollen und ob und wie wir in Erscheinung treten.<\/p>\n <\/div><div class=\"cf\"><\/div>\n<div class=\"clear cf\" style=\"margin-top:72px;margin-bottom:0\"><\/div>\n<div class=\"one_third \" style=\"\">\n<h4 class=\"hard-top\" style=\"text-align: left;\">F\u00fchrungskr\u00e4fte und<br \/>\nExperten \u00fcberfachlich<br \/>\ntrainieren und coachen.<\/h4>\n<\/div>\n<div class=\"two_third last \" style=\"\"> \n<p class=\"lead \" >Wir bieten Trainings, Seminare und Entwicklungsprogramme f\u00fcr F\u00fchrungskr\u00e4fte und Experten. Dabei liegt unser Schwerpunkt bei \u00fcberfachlichen Kompetenzen wie F\u00fchrung &#038; Kommunikation, Ver\u00e4nderung &#038; Projekte, Team &#038; Kommunikation, Lernen &#038; Kreativit\u00e4t sowie Selbstf\u00fchrung &#038; Selbstmotivation. Wir arbeiten an konkreten Problemstellungen mit praxisbezogenen Inhalten und konkreten Werkzeugen. Werkzeugen, die Br\u00fccken bauen und Zugest\u00e4ndnisse machen &#8211; an gewohnte Denk- und Verhaltensweisen. Damit der Weg zur Umsetzung im Alltag kurz ist und sich erste Erfolge schnell einstellen k\u00f6nnen.<\/p>\n <\/div><div class=\"cf\"><\/div>\n<div class=\"clear cf\" style=\"margin-top:72px;margin-bottom:0\"><\/div>\n<div class=\"one_third \" style=\"\">\n<h4 class=\"hard-top\" style=\"text-align: left;\">Unternehmerische<br \/>\nF\u00fchrungs- und<br \/>\nLeistungskultur.<\/h4>\n<\/div>\n<div class=\"two_third last \" style=\"\"> \n<p class=\"lead \" > Wir unterst\u00fctzen Sie bei der Entwicklung einer unternehmerischen F\u00fchrungs- und Leistungskultur. Wir verbinden mehrere der Leistungsbausteine unseres Gesch\u00e4ftsfelds F\u00fchrung &#038; New Work zu einem Programm und initiieren so einen systematischen und \u00fcber einen gewissen Zeitraum begleiteten Lern- und Entwicklungsprozess. Das Ergebnis: F\u00fchrungskr\u00e4fte und Mitarbeiter schauen genauer hin, was getan werden muss und kann. Und setzen schon um, wenn andere noch nachdenken.<\/p>\n <\/div><div class=\"cf\"><\/div>\n<div class=\"clear cf\" style=\"margin-top:72px;margin-bottom:0\"><\/div>\n<div class=\"one_third \" style=\"\">\n<h4 class=\"hard-top\" style=\"text-align: left;\">Unternehmerische<br \/>\nF\u00fchrungsinstrumente<br \/>\nund -methoden.<\/h4>\n<\/div>\n<div class=\"two_third last \" style=\"\"> \n<p class=\"lead \" >Wir unterst\u00fctzen Sie bei der Implementierung unternehmerischer F\u00fchrungsinstrumente und -methoden. Von Mitarbeiterjahresgespr\u00e4chen \u00fcber Leistungsbeurteilungen bis hin zu Management-by-Objectives gestalten wir mit Ihnen gemeinsam integrierte F\u00fchrungs- und Performance-Systeme, die die unternehmerischen Kr\u00e4fte von F\u00fchrungskr\u00e4ften und Experten st\u00e4rken.<\/p>\n <\/div><div class=\"cf\"><\/div>\n<div class=\"clear cf\" style=\"margin-top:72px;margin-bottom:0\"><\/div>\n<div class=\"one_third \" style=\"\">\n<h4 class=\"hard-top\" style=\"text-align: left;\">Strategische<br \/>\nPersonalentwicklung<br \/>\nund Kompetenz-<br \/>\nManagement.<\/h4>\n<\/div>\n<div class=\"two_third last \" style=\"\"> \n<p class=\"lead \" >Wir unterst\u00fctzen Sie beim Aufbau eines Kompetenzmanagements f\u00fcr F\u00fchrungskr\u00e4fte und Experten. Wir entwickeln Kompetenzmodelle und unterst\u00fctzen bei der Implementierung der\u00a0Modelle. Im Idealfall sind wir in die Strategieentwicklung eingebunden, besprechen\u00a0mit Ihnen was f\u00fcr die Zukunft wichtig ist und k\u00f6nnen so sicherstellen, dass die erfolgskritischen Kompetenzen bei der Personalentwicklung im Mittelpunkt stehen.<\/p>\n <\/div><div class=\"cf\"><\/div>\n<div class=\"clear cf\" style=\"margin-top:72px;margin-bottom:0\"><\/div>\n<div class=\"one_third \" style=\"\">\n<h4 class=\"hard-top\" style=\"text-align: left;\">HR-Strategie<br \/>\nund -Organisation.<\/h4>\n<\/div>\n<div class=\"two_third last \" style=\"\"> \n<p class=\"lead \" >HR \u00fcbernimmt im Unternehmen eine ganz besondere Rolle f\u00fcr die k\u00fcnftige Unternehmensentwicklung, insbesondere in dynamischen Branchen und M\u00e4rkten. Gemeinsam mit Ihnen erarbeiten wir ein unternehmerisches HR-Gesch\u00e4ftsmodell und bringen HR auf Augenh\u00f6he mit den Gesch\u00e4ftsbereichen. Die gro\u00dfe HR-Vision verbinden wir mit der t\u00e4glichen operativen Arbeit Ihrer HR-Mitarbeiter &#8211; durch Ableitung und Operationalisierung strategischer Ziele. Und wir erarbeiten gemeinsam konkrete Aktionspl\u00e4ne unter Ber\u00fccksichtigung aller laufenden Projekte und Initiativen \u2013 damit Ihre strategischen Ziele keine unerreichten Gipfel bleiben.<\/p>\n <\/div><div class=\"cf\"><\/div>\n<div class=\"clear cf\" style=\"margin-top:72px;margin-bottom:0\"><\/div>\n<div class=\"one_third \" style=\"\">\n<h4 class=\"hard-top\" style=\"text-align: left;\">Talent-<br \/>\nManagement-<br \/>\nSysteme.<\/h4>\n<\/div>\n<div class=\"two_third last \" style=\"\"> \n<p class=\"lead \" >Wir entwickeln ganzheitliche Konzepte zur langfristigen Sicherstellung der Besetzung kritischer Rollen und Funktionen im Unternehmen. Und wir begleiten Sie bei der kulturellen, organisatorischen und technischen Implementierung. Talent Management geht dabei weit \u00fcber Personal- und Kompetenzentwicklung hinaus und betrifft s\u00e4mtliche Facetten des Personalmanagements. Eine bedeutende Rolle spielt dabei die Nutzung moderner Software-Applikationen, die die Mitarbeitenden auf den Fahrersitz der eigenen Entwicklung setzen, so wie z.B. haufe-umantis Personal &#038; Talent Management.<\/p>\n <\/div><div class=\"cf\"><\/div>\n<div class=\"clear cf\" style=\"margin-top:72px;margin-bottom:0\"><\/div>\n<div class=\"one_third \" style=\"\">\n<h4 class=\"hard-top\" style=\"text-align: left;\">Lern-<br \/>\nManagement-<br \/>\nSysteme.<\/h4>\n<\/div>\n<div class=\"two_third last \" style=\"\"> \n<p class=\"lead \" >Wir unterst\u00fctzen Sie beim Aufbau und der Weiterentwicklung eines Lernmanagementsystems (LMS). Lernmanagementsysteme sind komplexe Software-Anwendungen, welche multimediale Lernprozesse erm\u00f6glichen und so die Plattform bilden f\u00fcr moderne, mobile Kompetenzentwicklung und begleitete Learning Journeys im Unternehmen. Auf Wunsch \u00fcbernehmen wir f\u00fcr Sie die Betreuung Ihres LMS im Rahmen von Managed Training Services.<\/p>\n <\/div><div class=\"cf\"><\/div>\n <\/div><\/div>\n<div class=\"row cf\" style=\"background-color: transparent;background-size: auto;padding: 72px 0 0 0;\"><div class=\"wrap\"> \n<h3><span style=\"color: #000;\">Aktuelle Projekte<\/span><\/h3>\n <\/div><\/div>\n<div class=\"row cf\" style=\"background-color: transparent;background-size: auto;\"><div class=\"wrap\"> \n<div class=\"carousel-images no-lazy\"><div class=\"carousel-owl-single owl-carousel\">\n<div><img loading=\"lazy\" class=\"aligncenter wp-image-2999 size-large\" src=\"http:\/\/expedition-8.com\/wp-content\/uploads\/2017\/05\/Leadership_Development-1-1024x682.png\" alt=\"\" width=\"640\" height=\"426\" srcset=\"https:\/\/expedition-8.com\/wp-content\/uploads\/2017\/05\/Leadership_Development-1-1024x682.png 1024w, https:\/\/expedition-8.com\/wp-content\/uploads\/2017\/05\/Leadership_Development-1-300x200.png 300w, https:\/\/expedition-8.com\/wp-content\/uploads\/2017\/05\/Leadership_Development-1-768x512.png 768w, https:\/\/expedition-8.com\/wp-content\/uploads\/2017\/05\/Leadership_Development-1.png 1333w\" sizes=\"(max-width: 640px) 100vw, 640px\" \/><\/div>\n<div><img loading=\"lazy\" class=\"aligncenter wp-image-3000 size-large\" src=\"http:\/\/expedition-8.com\/wp-content\/uploads\/2017\/05\/Managementsimulation-1-1024x682.png\" alt=\"\" width=\"640\" height=\"426\" srcset=\"https:\/\/expedition-8.com\/wp-content\/uploads\/2017\/05\/Managementsimulation-1-1024x682.png 1024w, https:\/\/expedition-8.com\/wp-content\/uploads\/2017\/05\/Managementsimulation-1-300x200.png 300w, https:\/\/expedition-8.com\/wp-content\/uploads\/2017\/05\/Managementsimulation-1-768x512.png 768w, https:\/\/expedition-8.com\/wp-content\/uploads\/2017\/05\/Managementsimulation-1.png 1333w\" sizes=\"(max-width: 640px) 100vw, 640px\" \/><\/div>\n<div><img loading=\"lazy\" class=\"aligncenter wp-image-3001 size-large\" src=\"http:\/\/expedition-8.com\/wp-content\/uploads\/2017\/05\/Neue_Fuehrungskultur-2-1024x682.png\" alt=\"\" width=\"640\" height=\"426\" srcset=\"https:\/\/expedition-8.com\/wp-content\/uploads\/2017\/05\/Neue_Fuehrungskultur-2-1024x682.png 1024w, https:\/\/expedition-8.com\/wp-content\/uploads\/2017\/05\/Neue_Fuehrungskultur-2-300x200.png 300w, https:\/\/expedition-8.com\/wp-content\/uploads\/2017\/05\/Neue_Fuehrungskultur-2-768x512.png 768w, https:\/\/expedition-8.com\/wp-content\/uploads\/2017\/05\/Neue_Fuehrungskultur-2.png 1333w\" sizes=\"(max-width: 640px) 100vw, 640px\" \/><\/div>\n<div><img loading=\"lazy\" class=\"aligncenter wp-image-3002 size-large\" src=\"http:\/\/expedition-8.com\/wp-content\/uploads\/2017\/05\/Kompetenzmodelle-1-1024x682.png\" alt=\"\" width=\"640\" height=\"426\" srcset=\"https:\/\/expedition-8.com\/wp-content\/uploads\/2017\/05\/Kompetenzmodelle-1-1024x682.png 1024w, https:\/\/expedition-8.com\/wp-content\/uploads\/2017\/05\/Kompetenzmodelle-1-300x200.png 300w, https:\/\/expedition-8.com\/wp-content\/uploads\/2017\/05\/Kompetenzmodelle-1-768x512.png 768w, https:\/\/expedition-8.com\/wp-content\/uploads\/2017\/05\/Kompetenzmodelle-1.png 1333w\" sizes=\"(max-width: 640px) 100vw, 640px\" \/><\/div>\n<div><img loading=\"lazy\" class=\"aligncenter wp-image-2998 \" src=\"http:\/\/expedition-8.com\/wp-content\/uploads\/2017\/05\/Experten_Entwicklung-1-1024x682.png\" alt=\"\" width=\"640\" height=\"426\" srcset=\"https:\/\/expedition-8.com\/wp-content\/uploads\/2017\/05\/Experten_Entwicklung-1-1024x682.png 1024w, https:\/\/expedition-8.com\/wp-content\/uploads\/2017\/05\/Experten_Entwicklung-1-300x200.png 300w, https:\/\/expedition-8.com\/wp-content\/uploads\/2017\/05\/Experten_Entwicklung-1-768x512.png 768w, https:\/\/expedition-8.com\/wp-content\/uploads\/2017\/05\/Experten_Entwicklung-1.png 1333w\" sizes=\"(max-width: 640px) 100vw, 640px\" \/><\/div>\n<div><img loading=\"lazy\" class=\"aligncenter wp-image-3049 size-large\" src=\"http:\/\/expedition-8.com\/wp-content\/uploads\/2017\/05\/Reorg_HR_Funktion-2-1024x682.png\" alt=\"\" width=\"640\" height=\"426\" srcset=\"https:\/\/expedition-8.com\/wp-content\/uploads\/2017\/05\/Reorg_HR_Funktion-2-1024x682.png 1024w, https:\/\/expedition-8.com\/wp-content\/uploads\/2017\/05\/Reorg_HR_Funktion-2-300x200.png 300w, https:\/\/expedition-8.com\/wp-content\/uploads\/2017\/05\/Reorg_HR_Funktion-2-768x512.png 768w, https:\/\/expedition-8.com\/wp-content\/uploads\/2017\/05\/Reorg_HR_Funktion-2.png 1333w\" sizes=\"(max-width: 640px) 100vw, 640px\" \/><\/div>\n<div><img loading=\"lazy\" class=\"aligncenter wp-image-3051 size-large\" src=\"http:\/\/expedition-8.com\/wp-content\/uploads\/2017\/05\/HR_Roadmap_dfd8cc-2-1024x682.png\" alt=\"\" width=\"640\" height=\"426\" srcset=\"https:\/\/expedition-8.com\/wp-content\/uploads\/2017\/05\/HR_Roadmap_dfd8cc-2-1024x682.png 1024w, https:\/\/expedition-8.com\/wp-content\/uploads\/2017\/05\/HR_Roadmap_dfd8cc-2-300x200.png 300w, https:\/\/expedition-8.com\/wp-content\/uploads\/2017\/05\/HR_Roadmap_dfd8cc-2-768x512.png 768w, https:\/\/expedition-8.com\/wp-content\/uploads\/2017\/05\/HR_Roadmap_dfd8cc-2.png 1333w\" sizes=\"(max-width: 640px) 100vw, 640px\" \/><\/div>\n<\/div><\/div>\n<div class=\"clear cf\" style=\"margin-top:0;margin-bottom:72px\"><\/div>\n <\/div><\/div>\n","protected":false},"excerpt":{"rendered":"","protected":false},"author":1,"featured_media":0,"parent":0,"menu_order":0,"comment_status":"closed","ping_status":"closed","template":"","meta":[],"_links":{"self":[{"href":"https:\/\/expedition-8.com\/en\/wp-json\/wp\/v2\/pages\/459"}],"collection":[{"href":"https:\/\/expedition-8.com\/en\/wp-json\/wp\/v2\/pages"}],"about":[{"href":"https:\/\/expedition-8.com\/en\/wp-json\/wp\/v2\/types\/page"}],"author":[{"embeddable":true,"href":"https:\/\/expedition-8.com\/en\/wp-json\/wp\/v2\/users\/1"}],"replies":[{"embeddable":true,"href":"https:\/\/expedition-8.com\/en\/wp-json\/wp\/v2\/comments?post=459"}],"version-history":[{"count":62,"href":"https:\/\/expedition-8.com\/en\/wp-json\/wp\/v2\/pages\/459\/revisions"}],"predecessor-version":[{"id":3105,"href":"https:\/\/expedition-8.com\/en\/wp-json\/wp\/v2\/pages\/459\/revisions\/3105"}],"wp:attachment":[{"href":"https:\/\/expedition-8.com\/en\/wp-json\/wp\/v2\/media?parent=459"}],"curies":[{"name":"wp","href":"https:\/\/api.w.org\/{rel}","templated":true}]}}