{"id":462,"date":"2017-05-08T20:05:16","date_gmt":"2017-05-08T18:05:16","guid":{"rendered":"http:\/\/expedition-8.com\/?page_id=462"},"modified":"2020-05-04T22:45:24","modified_gmt":"2020-05-04T20:45:24","slug":"controlling","status":"publish","type":"page","link":"https:\/\/expedition-8.com\/en\/controlling\/","title":{"rendered":"Controlling_Finanzen"},"content":{"rendered":"<div class=\"row parallax cf\" style=\"background: url('http:\/\/expedition-8.com\/wp-content\/uploads\/2016\/01\/shutterstock_432338920.png') no-repeat 50% 0 fixed;background-size: cover;padding: 128px 0 108px 0;\"><div class=\"wrap\"> \n<div class=\"clear cf\" style=\"margin-top:72px;margin-bottom:0\"><\/div>\n<h6 class=\"white\">\u00a0Controlling &#038; Finanzen<\/h6>\n<h1 class=\"page-title white\">Achtsam sein.<br \/>\nHindernisse erkennen.<br \/>\nNeue Wege gehen.<\/h1>\n <\/div><\/div>\n<div class=\"row cf\" style=\"background-color: transparent;background-size: auto;padding: 48px 0 0 0;\"><div class=\"wrap\"> \n<div class=\"two_third \" style=\"\">\n<h3 class=\"black\">Unser Angebot f\u00fcr Sie<\/h3>\n<p class=\"lead \" >Ohne professionelle Navigation und zuverl\u00e4ssige, faktenbasierte Fortschrittskontrolle gibt es kein gesichertes Vorankommen. Wir unterst\u00fctzen Sie dabei, die finanz- und controllingrelevanten Rahmenbedingungen f\u00fcr Ihre Expedition 8 zu schaffen. Durch Professionalisierung Ihrer Steuerungs- und Informationssysteme, schaffen wir beste Sichtverh\u00e4ltnisse f\u00fcr nachhaltig \u00fcberdurchschnittliche Leistungen.<\/p>\n<\/div>\n<div class=\"one_third last \" style=\"\"> \n<div class=\"clear cf\" style=\"margin-top:72px;margin-bottom:0\"><\/div>\n<h6 class=\"white\"><\/h6>\n<img loading=\"lazy\" class=\"aligncenter wp-image-3005 size-full\" src=\"http:\/\/expedition-8.com\/wp-content\/uploads\/2017\/05\/007-stats-3.png\" alt=\"\" width=\"256\" height=\"256\" srcset=\"https:\/\/expedition-8.com\/wp-content\/uploads\/2017\/05\/007-stats-3.png 256w, https:\/\/expedition-8.com\/wp-content\/uploads\/2017\/05\/007-stats-3-150x150.png 150w, https:\/\/expedition-8.com\/wp-content\/uploads\/2017\/05\/007-stats-3-180x180.png 180w, https:\/\/expedition-8.com\/wp-content\/uploads\/2017\/05\/007-stats-3-125x125.png 125w\" sizes=\"(max-width: 256px) 100vw, 256px\" \/>\n <\/div><div class=\"cf\"><\/div>\n <\/div><\/div>\n<div class=\"row cf\" style=\"background-color: transparent;background-size: auto;padding: 72px 0 0 0;\"><div class=\"wrap\"> \n<h3>Leistungsbausteine im Einzelnen<\/h3>\n<div class=\"clear cf\" style=\"margin-top:72px;margin-bottom:0\"><\/div>\n<div class=\"one_third \" style=\"\">\n<h4 class=\"hard-top\" style=\"text-align: left;\">Praxisunterst\u00fctzung<br \/>\nF\u00fchrungskr\u00e4fte,<br \/>\nProjektleiter und Experten.<\/h4>\n<\/div>\n<div class=\"two_third last \" style=\"\"> \n<p class=\"lead \" >Wir unterst\u00fctzen Sie im Tagesgesch\u00e4ft durch die tempor\u00e4re \u00dcbernahme von T\u00e4tigkeiten in Controlling und Reporting oder bei der Erstellung von Monats-, Quartals- und Jahresabschl\u00fcssen. In Projekten \u00fcbernehmen wir auf Wunsch das Projektcontrolling und sorgen so f\u00fcr klare Sichtverh\u00e4ltnisse f\u00fcr die n\u00e4chsten Schritte.<\/p>\n <\/div><div class=\"cf\"><\/div>\n<div class=\"clear cf\" style=\"margin-top:72px;margin-bottom:0\"><\/div>\n<div class=\"one_third \" style=\"\">\n<h4 class=\"hard-top\" style=\"text-align: left;\">Steuerungskonzept.<br \/>\nKennzahlensysteme<br \/>\nund Wertmanagement.<\/h4>\n<\/div>\n<div class=\"two_third last \" style=\"\"> \n<p class=\"lead \" >Das Steuerungskonzept bildet das R\u00fcckgrat eines jeden Unternehmens. Wir unterst\u00fctzen Sie bei der Definition und \u00dcberpr\u00fcfung von Kennzahlensystemen, damit diese auf allen Ebenen in der Organisation sinnvolle Steuerungsimpulse liefern. So erfolgt im Idealfall auch in stark arbeitsteiligen Organisationen eine aufeinander abgestimmte Unternehmensentwicklung und gr\u00f6\u00dftm\u00f6gliche Wertschaffung.<\/p>\n <\/div><div class=\"cf\"><\/div>\n<div class=\"clear cf\" style=\"margin-top:72px;margin-bottom:0\"><\/div>\n<div class=\"one_third \" style=\"\">\n<h4 class=\"hard-top\" style=\"text-align: left;\">Business Plan<br \/>\nund Business Case.<\/h4>\n<\/div>\n<div class=\"two_third last \" style=\"\"> \n<p class=\"lead \" >Herausfordernde Expeditionen erfordern eine ganzheitliche, vorausschauende Planung und Vorbereitung. Wir unterst\u00fctzen Sie bei der Abbildung Ihres Vorhabens in Business Pl\u00e4nen und Business Cases. Wir analysieren die Auswirkungen unter strategischen, finanziellen, nicht-finanziellen und risikobezogenen Aspekten und erarbeiten eine fundierte Entscheidungsgrundlage mit bestm\u00f6glicher Folgenabsch\u00e4tzung f\u00fcr Ihr Vorhaben.<\/p>\n <\/div><div class=\"cf\"><\/div>\n<div class=\"clear cf\" style=\"margin-top:72px;margin-bottom:0\"><\/div>\n<div class=\"one_third \" style=\"\">\n<h4 class=\"hard-top\" style=\"text-align: left;\">Controlling-Strategie.<br \/>\nControlling- und<br \/>\nFinanzorganisation.<\/h4>\n<\/div>\n<div class=\"two_third last \" style=\"\"> \n<p class=\"lead \" >Die Organisation des Controlling- und Finanzbereichs im Unternehmen ist von vitaler Bedeutung f\u00fcr die Unternehmensentwicklung. Ist die Aufbau- und Ablauforganisation zu unflexibel, Kennzahlen- und Steuerungssysteme zu engmaschig, dann wirkt das Controlling-System eher als Korsett und erstickt Mitdenken und unternehmerische Initiative. Wir unterst\u00fctzen Sie bei der intelligenten, ganzheitlichen Weiterentwicklung Ihrer Controlling- und Finanzorganisation, so dass unternehmerisches Denken und Handeln gef\u00f6rdert und nicht behindert wird.<\/p>\n <\/div><div class=\"cf\"><\/div>\n<div class=\"clear cf\" style=\"margin-top:72px;margin-bottom:0\"><\/div>\n<div class=\"one_third \" style=\"\">\n<h4 class=\"hard-top\" style=\"text-align: left;\">Business Intelligence.<br \/>\nKonsolidierungssoftware.<br \/>\nKonzernreporting.<\/h4>\n<\/div>\n<div class=\"two_third last \" style=\"\"> \n<p class=\"lead \" >Moderne Informationssysteme stellen Ihnen die notwendigen Daten zur Optimierung Ihrer Entscheidungsqualit\u00e4t zur Verf\u00fcgung. Oder sorgen daf\u00fcr, dass Informationsbeschaffung und Sicherung der Datenqualit\u00e4t \u00fcber intelligente, automatisierte Workflows besonders effizient erfolgt. Wir begleiten Sie bei der Auswahl der passenden L\u00f6sung und stellen f\u00fcr Sie die Einf\u00fchrung im vorgegebenen Zeit- und Kostenrahmen sicher.<\/p>\n <\/div><div class=\"cf\"><\/div>\n<div class=\"clear cf\" style=\"margin-top:72px;margin-bottom:0\"><\/div>\n<div class=\"one_third \" style=\"\">\n<h4 class=\"hard-top\" style=\"text-align: left;\">IFRS-Umstellungen.<br \/>\nReorganisation<br \/>\nAbschlussprozesse.<\/h4>\n<\/div>\n<div class=\"two_third last \" style=\"\"> \n<p class=\"lead \" >Die IFRS (International Financial Reporting Standards) sind \u201elebende\u201c Rechnungslegungsregeln und erfordern von den Verantwortlichen ein hohes Ma\u00df von Sorgfalt bei der Implementierung der Inhalte und Anpassung der Prozesse. Wir unterst\u00fctzen Sie von der ersten Auswirkungsanalyse bis hin zum Aufbau und der Anpassung entsprechender Prozesse. Dar\u00fcber hinaus begleiten wir Sie auch bei der ganzheitlichen Optimierung Ihrer Controlling- und Rechnungswesenprozesse, insbesondere vor dem Hintergrund von Automatisierung und Digitalisierung.<\/p>\n <\/div><div class=\"cf\"><\/div>\n<div class=\"clear cf\" style=\"margin-top:72px;margin-bottom:0\"><\/div>\n<div class=\"one_third \" style=\"\">\n<h4 class=\"hard-top\" style=\"text-align: left;\">Controller<br \/>\nals Business<br \/>\nPartner.<\/h4>\n<\/div>\n<div class=\"two_third last \" style=\"\"> \n<p class=\"lead \" >Die Basis f\u00fcr Ihren Erfolg in der Unternehmenssteuerung: qualifizierte und engagierte Mitarbeiter in Ihren Controlling- und Finanzteams. Wir unterst\u00fctzen F\u00fchrungskr\u00e4fte und Experten aus diesen Teams auf Ihrem Weg hin zu einem akzeptierten und wertvollen internen Berater auf Augenh\u00f6he.<\/p>\n <\/div><div class=\"cf\"><\/div>\n <\/div><\/div>\n<div class=\"row cf\" style=\"background-color: transparent;background-size: auto;padding: 72px 0 0 0;\"><div class=\"wrap\"> \n<h3>Aktuelle Projekte<\/h3>\n <\/div><\/div>\n<div class=\"row cf\" style=\"background-color: transparent;background-size: auto;\"><div class=\"wrap\"> \n<div class=\"carousel-images no-lazy\"><div class=\"carousel-owl-single owl-carousel\">\n<div><img loading=\"lazy\" class=\"aligncenter wp-image-3060 size-large\" src=\"http:\/\/expedition-8.com\/wp-content\/uploads\/2017\/05\/Neues_Controllingsystem-2-1024x682.png\" alt=\"\" width=\"640\" height=\"426\" srcset=\"https:\/\/expedition-8.com\/wp-content\/uploads\/2017\/05\/Neues_Controllingsystem-2-1024x682.png 1024w, https:\/\/expedition-8.com\/wp-content\/uploads\/2017\/05\/Neues_Controllingsystem-2-300x200.png 300w, https:\/\/expedition-8.com\/wp-content\/uploads\/2017\/05\/Neues_Controllingsystem-2-768x512.png 768w, https:\/\/expedition-8.com\/wp-content\/uploads\/2017\/05\/Neues_Controllingsystem-2.png 1333w\" sizes=\"(max-width: 640px) 100vw, 640px\" \/><\/div>\n<div>\n<img loading=\"lazy\" class=\"aligncenter size-large wp-image-3054\" src=\"http:\/\/expedition-8.com\/wp-content\/uploads\/2017\/05\/FastClose-1024x682.png\" alt=\"\" width=\"640\" height=\"426\" srcset=\"https:\/\/expedition-8.com\/wp-content\/uploads\/2017\/05\/FastClose-1024x682.png 1024w, https:\/\/expedition-8.com\/wp-content\/uploads\/2017\/05\/FastClose-300x200.png 300w, https:\/\/expedition-8.com\/wp-content\/uploads\/2017\/05\/FastClose-768x512.png 768w, https:\/\/expedition-8.com\/wp-content\/uploads\/2017\/05\/FastClose.png 1333w\" sizes=\"(max-width: 640px) 100vw, 640px\" \/>\n<\/div>\n<div>\n<img loading=\"lazy\" class=\"aligncenter size-large wp-image-3055\" src=\"http:\/\/expedition-8.com\/wp-content\/uploads\/2017\/05\/IFRS16-1024x682.png\" alt=\"\" width=\"640\" height=\"426\" srcset=\"https:\/\/expedition-8.com\/wp-content\/uploads\/2017\/05\/IFRS16-1024x682.png 1024w, https:\/\/expedition-8.com\/wp-content\/uploads\/2017\/05\/IFRS16-300x200.png 300w, https:\/\/expedition-8.com\/wp-content\/uploads\/2017\/05\/IFRS16-768x512.png 768w, https:\/\/expedition-8.com\/wp-content\/uploads\/2017\/05\/IFRS16.png 1333w\" sizes=\"(max-width: 640px) 100vw, 640px\" \/>\n<\/div>\n<div>\n<img loading=\"lazy\" class=\"aligncenter wp-image-3107 size-large\" src=\"http:\/\/expedition-8.com\/wp-content\/uploads\/2017\/05\/Konsolidierung-1-1024x682.png\" alt=\"\" width=\"640\" height=\"426\" srcset=\"https:\/\/expedition-8.com\/wp-content\/uploads\/2017\/05\/Konsolidierung-1-1024x682.png 1024w, https:\/\/expedition-8.com\/wp-content\/uploads\/2017\/05\/Konsolidierung-1-300x200.png 300w, https:\/\/expedition-8.com\/wp-content\/uploads\/2017\/05\/Konsolidierung-1-768x512.png 768w, https:\/\/expedition-8.com\/wp-content\/uploads\/2017\/05\/Konsolidierung-1.png 1333w\" sizes=\"(max-width: 640px) 100vw, 640px\" \/>\n<\/div>\n<div>\n<img loading=\"lazy\" class=\"aligncenter size-large wp-image-3057\" src=\"http:\/\/expedition-8.com\/wp-content\/uploads\/2017\/05\/Reporting_PMI-1024x682.png\" alt=\"\" width=\"640\" height=\"426\" srcset=\"https:\/\/expedition-8.com\/wp-content\/uploads\/2017\/05\/Reporting_PMI-1024x682.png 1024w, https:\/\/expedition-8.com\/wp-content\/uploads\/2017\/05\/Reporting_PMI-300x200.png 300w, https:\/\/expedition-8.com\/wp-content\/uploads\/2017\/05\/Reporting_PMI-768x512.png 768w, https:\/\/expedition-8.com\/wp-content\/uploads\/2017\/05\/Reporting_PMI.png 1333w\" sizes=\"(max-width: 640px) 100vw, 640px\" \/>\n<\/div>\n<\/div><\/div>\n<div class=\"clear cf\" style=\"margin-top:0;margin-bottom:72px\"><\/div>\n <\/div><\/div>\n","protected":false},"excerpt":{"rendered":"","protected":false},"author":1,"featured_media":0,"parent":0,"menu_order":0,"comment_status":"closed","ping_status":"closed","template":"","meta":[],"_links":{"self":[{"href":"https:\/\/expedition-8.com\/en\/wp-json\/wp\/v2\/pages\/462"}],"collection":[{"href":"https:\/\/expedition-8.com\/en\/wp-json\/wp\/v2\/pages"}],"about":[{"href":"https:\/\/expedition-8.com\/en\/wp-json\/wp\/v2\/types\/page"}],"author":[{"embeddable":true,"href":"https:\/\/expedition-8.com\/en\/wp-json\/wp\/v2\/users\/1"}],"replies":[{"embeddable":true,"href":"https:\/\/expedition-8.com\/en\/wp-json\/wp\/v2\/comments?post=462"}],"version-history":[{"count":65,"href":"https:\/\/expedition-8.com\/en\/wp-json\/wp\/v2\/pages\/462\/revisions"}],"predecessor-version":[{"id":3106,"href":"https:\/\/expedition-8.com\/en\/wp-json\/wp\/v2\/pages\/462\/revisions\/3106"}],"wp:attachment":[{"href":"https:\/\/expedition-8.com\/en\/wp-json\/wp\/v2\/media?parent=462"}],"curies":[{"name":"wp","href":"https:\/\/api.w.org\/{rel}","templated":true}]}}