{"id":516,"date":"2017-05-10T19:33:46","date_gmt":"2017-05-10T17:33:46","guid":{"rendered":"http:\/\/expedition-8.com\/?page_id=516"},"modified":"2022-02-11T12:28:11","modified_gmt":"2022-02-11T11:28:11","slug":"team","status":"publish","type":"page","link":"https:\/\/expedition-8.com\/en\/team\/","title":{"rendered":"Team"},"content":{"rendered":"<div class=\"row cf\" style=\"background-size: auto;padding: 0 0 0 0;\"><div class=\"wrap\"> \n<div class=\"clear cf\" style=\"margin-top:124px;margin-bottom:0\"><\/div>\n<h6><span style=\"color: #000;\">Unser Team<\/span><\/h6>\n<div class=\"two_third \" style=\"\">\n<h1 class=\"black\">Ortskundige.<br \/>\nF\u00fcr Ihren Erfolg.<\/h1>\n<div class=\"clear cf\" style=\"margin-top:24px;margin-bottom:0\"><\/div>\n<p class=\"lead \" >Ohne ihre Kenntnisse w\u00e4ren viele gro\u00dfe Expeditionen wohl gescheitert: einheimische F\u00fchrer und Tr\u00e4ger, die als Ortskundige, Dolmetscher und Diplomaten Entdeckungs- und Forschungsreisen begleitet haben. Und das entspricht genau dem, was wir als unseren Job ansehen &#8211; Experten f\u00fcr die Umsetzung Ihrer Strategien, Ideen, Ziele und Vorstellungen.<\/p>\n<\/div>\n<div class=\"one_third last \" style=\"\"> \n<img loading=\"lazy\" class=\"aligncenter size-full wp-image-1825\" src=\"http:\/\/expedition-8.com\/wp-content\/uploads\/2017\/05\/026-group.png\" alt=\"\" width=\"256\" height=\"256\" srcset=\"https:\/\/expedition-8.com\/wp-content\/uploads\/2017\/05\/026-group.png 256w, https:\/\/expedition-8.com\/wp-content\/uploads\/2017\/05\/026-group-150x150.png 150w, https:\/\/expedition-8.com\/wp-content\/uploads\/2017\/05\/026-group-180x180.png 180w, https:\/\/expedition-8.com\/wp-content\/uploads\/2017\/05\/026-group-125x125.png 125w\" sizes=\"(max-width: 256px) 100vw, 256px\" \/>\n <\/div><div class=\"cf\"><\/div>\n <\/div><\/div>\n<div class=\"row cf\" style=\"background-size: auto;\"><div class=\"wrap\"> \n<div class=\"shortcode_padding\" style=\"padding-top: 72px;padding-bottom: 72px;padding-left: 0;padding-right: 0;\"> \n<div class=\"full_width \" style=\"\"> \n<div class=\"two_third \" style=\"\">\n<h3 style=\"margin-bottom: 0;\">Maik T\u00f6pperwien<\/h3>\n<h4 class=\"gray\">Partner<\/h4>\n<p><img loading=\"lazy\" class=\"aligncenter wp-image-1930\" src=\"http:\/\/expedition-8.com\/wp-content\/uploads\/2017\/05\/illu_team_4-frei.png\" alt=\"\" width=\"800\" height=\"251\" srcset=\"https:\/\/expedition-8.com\/wp-content\/uploads\/2017\/05\/illu_team_4-frei.png 560w, https:\/\/expedition-8.com\/wp-content\/uploads\/2017\/05\/illu_team_4-frei-300x94.png 300w\" sizes=\"(max-width: 800px) 100vw, 800px\" \/><\/div>\n<div class=\"one_third last \" style=\"\"> \u00a0  <\/div><div class=\"cf\"><\/div>\n<div class=\"two_third \" style=\"\">\n<p class=\"gray\"><div class=\"shortcode_text_columns two-cols\">\n<p>Maik T\u00f6pperwien ist Berater, Trainer und Interim-Manager f\u00fcr Strategie, F\u00fchrung &#038; Personal, Controlling &#038; Finanzen mit besonderer Ausrichtung auf Umsetzung, Empowerment und agile Organisation. Besonders wichtig ist ihm bei seiner Arbeit, immer wieder deutlich zu machen, wie die harten und weichen Faktoren der Unternehmensf\u00fchrung zusammenwirken m\u00fcssen, damit Pl\u00e4ne und Konzepte nachhaltig umgesetzt und Ziele und Ergebnisse wirklich erreicht werden.<\/p>\n<p>Maik war mehr als 12 Jahre in verschiedenen Fach- und F\u00fchrungspositionen f\u00fcr namhafte Unternehmen wie Linde und Bayer t\u00e4tig, bevor er auf die andere Seite des Tisches in die Trainings- und Beratungsbranche wechselte. Bereits zu Beginn seiner beruflichen Laufbahn \u00fcbernahm er Mitverantwortung f\u00fcr die Gesch\u00e4fts- und Unternehmensentwicklung und entdeckte so seine hohe Affinit\u00e4t zu unternehmerischem Denken und Handeln. Seit dieser Zeit besch\u00e4ftigt er sich mit der Frage, wie Einzelne, Teams und Organisationen unternehmerische Potenziale, wie Unternehmergeist, Initiative, Tatkraft, Leistungsfreude, dauerhaft aktivieren k\u00f6nnen, um in dynamischen Branchen und M\u00e4rkten bestehen zu k\u00f6nnen.<\/p>\n<p><em>Arbeitsschwerpunkte<\/em><br \/>\n<ul class=\"unordered\">\n<ul>\n<li>Begleitung von Strategieimplementierungen, Bereichs- und Teamentwicklungen<\/li>\n<li>PMO, Strategisches Projekt- und Ver\u00e4nderungsmanagement<\/li>\n<li>Moderation von Strategieklausuren und Umsetzungsworkshops<\/li>\n<li>Durchf\u00fchrung von F\u00fchrungskr\u00e4fte-Entwicklungsprogrammen<\/li>\n<li>Reorganisation\/Digitalisierung von HR-, Controlling- und Finanzbereichen<\/li>\n<li>Organisationsentwicklung interner Servicebereiche<\/li>\n<\/ul>\n<\/ul>\n<\/div>\n<\/div>\n<div class=\"one_third last \" style=\"\"> \u00a0  <\/div><div class=\"cf\"><\/div>\n<div class=\"one_third \" style=\"\">\n<div class=\"shortcode_padding\" style=\"padding-top: 8%;padding-bottom: 8%;padding-left: 8%;padding-right: 8%;\">  <\/div>\n<\/div>\n<div class=\"two_third last \" style=\"\"> \n<h3 style=\"margin-bottom: 0;\">Alexander G\u00f6ttling<\/h3>\n<h4 class=\"gray\">Assoziierter Partner<\/h4>\n<p><img loading=\"lazy\" class=\"aligncenter wp-image-1932\" src=\"http:\/\/expedition-8.com\/wp-content\/uploads\/2017\/05\/illu_team_6-frei.png\" alt=\"\" width=\"799\" height=\"251\" srcset=\"https:\/\/expedition-8.com\/wp-content\/uploads\/2017\/05\/illu_team_6-frei.png 560w, https:\/\/expedition-8.com\/wp-content\/uploads\/2017\/05\/illu_team_6-frei-300x94.png 300w\" sizes=\"(max-width: 799px) 100vw, 799px\" \/> <\/div><div class=\"cf\"><\/div>\n<div class=\"one_third \" style=\"\">\u00a0 <\/div>\n<div class=\"two_third last \" style=\"\"> \n<p class=\"gray\"><div class=\"shortcode_text_columns two-cols\">\n<p>Alexander G\u00f6ttling ist der Experte f\u00fcr People Management im Team von Expedition 8 \u2013 mit langj\u00e4hriger Erfahrung in den Bereichen HR- und Talent-Strategien, Performance Management, Learning sowie erfolgreiches Projekt- und Change-Management. Wichtig sind ihm pragmatische Probleml\u00f6sungen, die systematisch entwickelt werden und schnell Wirkung zeigen &#8211; wobei die Arbeit daran Spa\u00df machen darf: Ver\u00e4nderung ist keine Bedrohung, sondern immer wieder die Chance Neues zu gestalten und besser zu werden.<\/p>\n<p>Alexander hat in mehr als 20 Jahren in verschiedenen Branchen erfolgreich Teams in Unternehmen unterschiedlicher Branchen (IT, Hi-Tech, Handel und Dienstleistung) in Europa und Asien aufgebaut und verf\u00fcgt \u00fcber umfangreiche Methodenkenntnisse in der Unternehmenssteuerung sowie der F\u00fchrung von Mitarbeitern. Seine Leidenschaft gilt einer \u201ebesseren HR\u201c, die in Unternehmen endlich den Stellenwert bekommt, den sie entsprechend der Bedeutung der Mitarbeiter bei der Wertsch\u00f6pfung verdient.<\/p>\n<p><em>Arbeitsschwerpunkte<\/em><br \/>\n<ul class=\"unordered\">\n<ul>\n<li>Auf- und Umbau von (HR-)Organisationen<\/li>\n<li>Definition von Mission Statements und Visionen<\/li>\n<li>Implementierung von strategischen Zielsystemen und Key Performance Indicators<\/li>\n<li>(Predictive) HR Analytics und Reporting<\/li>\n<li>Process-Design und Process-Management\/Operational Excellence in HR<\/li>\n<li>Auswahl und Einf\u00fchrung von HR Information Systems<\/li>\n<\/ul>\n<\/ul>\n<p style=\"text-align: left;\"><\/div>\n <\/div><div class=\"cf\"><\/div>\n<div class=\"two_third \" style=\"\">\n<h3 style=\"margin-bottom: 0;\">Andreas Grupe<\/h3>\n<h4 class=\"gray\">Assoziierter Partner<\/h4>\n<p><img loading=\"lazy\" class=\"aligncenter wp-image-1931\" src=\"http:\/\/expedition-8.com\/wp-content\/uploads\/2017\/05\/illu_team_5-frei.png\" alt=\"\" width=\"799\" height=\"251\" srcset=\"https:\/\/expedition-8.com\/wp-content\/uploads\/2017\/05\/illu_team_5-frei.png 560w, https:\/\/expedition-8.com\/wp-content\/uploads\/2017\/05\/illu_team_5-frei-300x94.png 300w\" sizes=\"(max-width: 799px) 100vw, 799px\" \/><\/div>\n<div class=\"one_third last \" style=\"\"> \u00a0  <\/div><div class=\"cf\"><\/div>\n<div class=\"two_third \" style=\"\">\n<p class=\"gray\"><div class=\"shortcode_text_columns two-cols\">\n<p>Andreas Grupe ist Berater und Trainer in allen Themenbereichen des Change Management. Professionelles Projektmanagement, gelebte F\u00fchrung und das \u201eMitnehmen\u201c aller Beteiligten in Ver\u00e4nderungsprozessen sind ihm hierbei besonders wichtig.<\/p>\n<p>Andreas war nach leitenden Positionen im Controlling mehr als 10 Jahre als Gesch\u00e4ftsf\u00fchrer eines IT-Dienstleistungsunternehmens t\u00e4tig. In dieser Zeit verantwortete er die erfolgreiche Umsetzung verschiedener und umfangreicher organisatorischer Ver\u00e4nderungsprozesse sowohl in betriebswirtschaftlichen als auch in technischen Unternehmensbereichen. Zielgerichtete F\u00fchrung und eine intensive Kommunikation mit allen Beteiligten, sind f\u00fcr ihn die Schl\u00fcssel zum erfolgreichen Change Management. Neben der strategischen und konzeptionellen Beratungsleistung in Ver\u00e4nderungsprozessen liegt daher ein weiterer Schwerpunkt seiner T\u00e4tigkeit in der Unterst\u00fctzung der eigentlichen Umsetzung als Trainer oder auch als Moderator in der Kommunikation mit betrieblichen Sozialpartnern, Kundenvertretern oder Aufsichtsgremien.<\/p>\n<p><em>Arbeitsschwerpunkte<\/em><br \/>\n<ul class=\"unordered\">\n<ul>\n<li>Beratung in allen Belangen des strategischen Change Management<\/li>\n<li>Beratende Begleitung von organisatorischen und prozessualen Ver\u00e4nderungen<\/li>\n<li>Training zu den Themen Ver\u00e4nderungsmanagement, F\u00fchrung, Kommunikation und Controlling<\/li>\n<li>Moderation von Verhandlungen in Ver\u00e4nderungsprozessen<\/li>\n<\/ul>\n<\/ul>\n<\/div>\n<\/div>\n<div class=\"one_third last \" style=\"\"> \u00a0  <\/div><div class=\"cf\"><\/div>\n<div class=\"one_third \" style=\"\"> \u00a0<\/div>\n<div class=\"two_third last \" style=\"\"> \n<h3>David Tan<\/h3>\n<h4 class=\"gray\">Assoziierter Partner<\/h4>\n<img loading=\"lazy\" class=\"wp-image-835 aligncenter\" src=\"http:\/\/expedition-8.com\/wp-content\/uploads\/2017\/05\/illu_team_3.png\" alt=\"\" width=\"799\" height=\"251\" srcset=\"https:\/\/expedition-8.com\/wp-content\/uploads\/2017\/05\/illu_team_3.png 560w, https:\/\/expedition-8.com\/wp-content\/uploads\/2017\/05\/illu_team_3-300x94.png 300w\" sizes=\"(max-width: 799px) 100vw, 799px\" \/>\n <\/div><div class=\"cf\"><\/div>\n<div class=\"one_third \" style=\"\">\u00a0 <\/div>\n<div class=\"two_third last \" style=\"\"> \n<p class=\"gray\"><div class=\"shortcode_text_columns two-cols\">\n<p>David Tan ist Trainer &#038; Berater f\u00fcr Unternehmensf\u00fchrung, Projekt- und Ver\u00e4nderungsmanagement. Dabei legt er besonderen Wert auf pragmatische und umsetzungsorientierte Werkzeuge, die eine unmittelbare Verbindung zu den operativen Controllingsystemen erlauben. Strategische Luftschl\u00f6sser und Powerpoint-Schlachten sind ihm ein Greuel.<\/p>\n<p>David ist der Didaktik-Profi im Team und bringt \u00fcber 15 Jahre Erfahrung aus der Trainingspraxis und Workshopmoderation mit. Viele namhafte Unternehmen und renommierte Weiterbildungsanbieter vertrauen seit Jahren auf seine F\u00e4higkeiten als Trainer und Moderator. Bevor David ins Trainingsgesch\u00e4ft eingestiegen ist, war der diplomierte Kaufmann als Analyst f\u00fcr die UBS AG in der Schweiz t\u00e4tig.<\/p>\n<p><em>Arbeitsschwerpunkte<br \/>\n<\/em><ul class=\"unordered\">\n<ul>\n<li>Training &#038; Beratung zu den Themen Unternehmensf\u00fchrung, Projekte und Ver\u00e4nderung<\/li>\n<li>Moderation von Strategieklausuren und Projektreviews<\/li>\n<li>Beratung bei der Konzeption von strategischen Ziel- und Steuerungssystemen<\/li>\n<li>Coaching von Moderatoren und Projektleitern<\/li>\n<\/ul>\n<\/ul>\n<p style=\"text-align: left;\"><\/div>\n <\/div><div class=\"cf\"><\/div>\n<p>&nbsp;<\/p>\n <\/div><div class=\"cf\"><\/div>\n <\/div>\n <\/div><\/div>\n","protected":false},"excerpt":{"rendered":"","protected":false},"author":1,"featured_media":0,"parent":0,"menu_order":0,"comment_status":"closed","ping_status":"closed","template":"","meta":[],"_links":{"self":[{"href":"https:\/\/expedition-8.com\/en\/wp-json\/wp\/v2\/pages\/516"}],"collection":[{"href":"https:\/\/expedition-8.com\/en\/wp-json\/wp\/v2\/pages"}],"about":[{"href":"https:\/\/expedition-8.com\/en\/wp-json\/wp\/v2\/types\/page"}],"author":[{"embeddable":true,"href":"https:\/\/expedition-8.com\/en\/wp-json\/wp\/v2\/users\/1"}],"replies":[{"embeddable":true,"href":"https:\/\/expedition-8.com\/en\/wp-json\/wp\/v2\/comments?post=516"}],"version-history":[{"count":204,"href":"https:\/\/expedition-8.com\/en\/wp-json\/wp\/v2\/pages\/516\/revisions"}],"predecessor-version":[{"id":3305,"href":"https:\/\/expedition-8.com\/en\/wp-json\/wp\/v2\/pages\/516\/revisions\/3305"}],"wp:attachment":[{"href":"https:\/\/expedition-8.com\/en\/wp-json\/wp\/v2\/media?parent=516"}],"curies":[{"name":"wp","href":"https:\/\/api.w.org\/{rel}","templated":true}]}}