{"id":57,"date":"2016-01-28T20:20:52","date_gmt":"2016-01-28T20:20:52","guid":{"rendered":"http:\/\/themes.wplook.com\/studio8\/?page_id=57"},"modified":"2024-10-17T13:08:42","modified_gmt":"2024-10-17T11:08:42","slug":"academy-events","status":"publish","type":"page","link":"https:\/\/expedition-8.com\/en\/academy-events\/","title":{"rendered":"E-Academy"},"content":{"rendered":"<div class=\"row parallax cf\" style=\"background: url('http:\/\/expedition-8.com\/wp-content\/uploads\/2020\/04\/notebook-lounge-berlin.jpg') no-repeat 50% 0 fixed;background-size: cover;padding: 124px 0 108px 50px;\"><div class=\"wrap\"> \n<div class=\"three_fourth \" style=\"\">\n<div class=\"clear cf\" style=\"margin-top:72px;margin-bottom:0\"><\/div>\n<h6 class=\"white\">Webinare, Live-Online-Trainings &#038; Co.<\/h6>\n<h1 class=\"page-title white\">Neue Zeiten.<br \/>\nAuch f\u00fcrs Lernen.<br \/>\nDigital statt Analog.<\/h1>\n<p class=\"lead white\"><\/div>\n<div class=\"one_fourth last \" style=\"\"> \n <\/div><div class=\"cf\"><\/div>\n <\/div><\/div>\n<div class=\"row cf\" style=\"background-size: auto;\"><div class=\"wrap\"> \n<p class=\"black\"><div class=\"shortcode_text_block\" style=\"width:60%;\"><p class=\"subtitle\" style=\"color: #8c8c8c;\">E-ACADEMY<\/p><div class=\"sep\" style=\"border-color: #8c8c8c;\"><\/div><h3 class=\"title\" style=\"color: #000;\">Veranstaltungen auf einen Blick<\/h3><p class=\"lead\" style=\"color:#8c8c8c;\">Hier finden Sie immer aktuelle Termine zu Webtalks, Webinaren, Live-Online-Trainings, Managementsimulationen und vielen weiteren Formaten sowie Aufzeichnungen vergangener Events. Wir freuen uns darauf, Sie kennen zu lernen.<\/p><\/div>\n<p style=\"text-align: center;\"><span style=\"color: #000000;\"><i class=\"fas fa-gift\"><\/i> = kostenfrei\u00a0 <i class=\"fas fa-euro\"><\/i> = kostenpflichtig<\/span><\/p>\n<div class=\"clear cf\" style=\"margin-top:64px;margin-bottom:0\"><\/div>\n<p><span style=\"display: inline !important; float: none; background-color: #ffffff; color: #333333; cursor: text; font-family: Georgia,'Times New Roman','Bitstream Charter',Times,serif; font-size: 16px; font-style: normal; font-variant: normal; font-weight: 400; letter-spacing: normal; line-height: inherit; orphans: 2; text-align: left; text-decoration: none; text-indent: 0px; text-transform: none; -webkit-text-stroke-width: 0px; white-space: normal; word-spacing: 0px;\"> <\/div><\/div><\/span><\/p>\n<div class=\"row cf\" style=\"background-size: auto;\"><div class=\"wrap\"> \n<div class=\"one_third \" style=\"\">\n<div class='shortcode_icon_with_title medium normal_icon center'><div class=\"icon_holder\" style=\" \"><span style=\"\" class=\"fa_icon fa-3x \"><i class=\"fa fa-gift\" style=\"color: #000;\"><\/i><\/span><\/div><div class=\"icon_text_holder\" style=\"\"><div class=\"icon_text_inner\" style=\"\"><h6 class=\"icon_title\" style=\"color: #000\">Webinar<\/h6><p style='color: #000'>Neue St\u00e4rke 2025 - Ihr Masterplan f\u00fcr die neue Arbeitswelt<\/p><a class='link' href='http:\/\/expedition-8.com\/contact\/contact-simple' target='_self' style=''>Go Inhouse \u2192<\/a><\/div><\/div><\/div>\n<p style=\"text-align: center;\"><em>N\u00e4chster Termin:<br \/>\nAktuell nur &#8220;Inhouse&#8221;<\/em><\/p>\n<\/div>\n<div class=\"one_third \" style=\"\">\n<div class='shortcode_icon_with_title medium normal_icon center'><div class=\"icon_holder\" style=\" \"><span style=\"\" class=\"fa_icon fa-3x \"><i class=\"fa fa-euro\" style=\"color: #000;\"><\/i><\/span><\/div><div class=\"icon_text_holder\" style=\"\"><div class=\"icon_text_inner\" style=\"\"><h6 class=\"icon_title\" style=\"color: #000\">Live-Online-Training<\/h6><p style='color: #000'>Remote Leadership Kompakt - Was gibt es Neues in der Welt des F\u00fchrens und Arbeitens auf Distanz<\/p><a class='link' href='http:\/\/expedition-8.com\/contact\/contact-simple' target='_self' style=''>Go Inhouse \u2192<\/a><\/div><\/div><\/div>\n<p style=\"text-align: center;\"><em>N\u00e4chster Termin:<br \/>\nAktuell nur &#8220;Inhouse&#8221;<\/em><\/p>\n<\/div>\n<div class=\"one_third last \" style=\"\"> \n<div class='shortcode_icon_with_title medium normal_icon center'><div class=\"icon_holder\" style=\" \"><span style=\"\" class=\"fa_icon fa-3x \"><i class=\"fa fa-euro\" style=\"color: #000;\"><\/i><\/span><\/div><div class=\"icon_text_holder\" style=\"\"><div class=\"icon_text_inner\" style=\"\"><h6 class=\"icon_title\" style=\"color: #000\">3x2 Tage Pr\u00e4senzprogramm<\/h6><p style='color: #000'>New Leadership Expertise f\u00fcr neue F\u00fchrungskr\u00e4fte<\/p><a class='link' href='http:\/\/expedition-8.com\/contact\/contact-simple' target='_self' style=''>Go Inhouse \u2192<\/a><\/div><\/div><\/div>\n<p style=\"text-align: center;\"><em>N\u00e4chster Termin:<br \/>\nAktuell nur &#8220;Inhouse&#8221;<\/em><\/p>\n <\/div><div class=\"cf\"><\/div>\n<div class=\"clear cf\" style=\"margin-top:0;margin-bottom:0px\"><\/div>\n <\/div><\/div>\n<div class=\"row cf\" style=\"background-size: auto;\"><div class=\"wrap\"> \n<div class=\"one_third \" style=\"\">\n<div class='shortcode_icon_with_title medium normal_icon center'><div class=\"icon_holder\" style=\" \"><span style=\"\" class=\"fa_icon fa-3x \"><i class=\"fa fa-euro\" style=\"color: #000;\"><\/i><\/span><\/div><div class=\"icon_text_holder\" style=\"\"><div class=\"icon_text_inner\" style=\"\"><h6 class=\"icon_title\" style=\"color: #000\">Live-Online-Training<\/h6><p style='color: #000'>Professionelle Zusammenarbeit mit MS Teams<\/p><a class='link' href='http:\/\/expedition-8.com\/contact\/contact-simple' target='_self' style=''>Go Inhouse \u2192<\/a><\/div><\/div><\/div>\n<p style=\"text-align: center;\"><em>N\u00e4chster Termin:<br \/>\nAktuell nur &#8220;Inhouse&#8221;<\/em><\/p>\n<\/div>\n<div class=\"one_third \" style=\"\"><\/div>\n<div class=\"one_third last \" style=\"\">  <\/div><div class=\"cf\"><\/div>\n<div class=\"clear cf\" style=\"margin-top:0;margin-bottom:64px\"><\/div>\n <\/div><\/div>\n","protected":false},"excerpt":{"rendered":"","protected":false},"author":2,"featured_media":0,"parent":0,"menu_order":0,"comment_status":"closed","ping_status":"closed","template":"","meta":[],"_links":{"self":[{"href":"https:\/\/expedition-8.com\/en\/wp-json\/wp\/v2\/pages\/57"}],"collection":[{"href":"https:\/\/expedition-8.com\/en\/wp-json\/wp\/v2\/pages"}],"about":[{"href":"https:\/\/expedition-8.com\/en\/wp-json\/wp\/v2\/types\/page"}],"author":[{"embeddable":true,"href":"https:\/\/expedition-8.com\/en\/wp-json\/wp\/v2\/users\/2"}],"replies":[{"embeddable":true,"href":"https:\/\/expedition-8.com\/en\/wp-json\/wp\/v2\/comments?post=57"}],"version-history":[{"count":31,"href":"https:\/\/expedition-8.com\/en\/wp-json\/wp\/v2\/pages\/57\/revisions"}],"predecessor-version":[{"id":3323,"href":"https:\/\/expedition-8.com\/en\/wp-json\/wp\/v2\/pages\/57\/revisions\/3323"}],"wp:attachment":[{"href":"https:\/\/expedition-8.com\/en\/wp-json\/wp\/v2\/media?parent=57"}],"curies":[{"name":"wp","href":"https:\/\/api.w.org\/{rel}","templated":true}]}}