{"id":932,"date":"2017-06-03T21:30:50","date_gmt":"2017-06-03T19:30:50","guid":{"rendered":"http:\/\/expedition-8.com\/?page_id=932"},"modified":"2024-10-17T12:53:06","modified_gmt":"2024-10-17T10:53:06","slug":"neue_staerke","status":"publish","type":"page","link":"https:\/\/expedition-8.com\/en\/","title":{"rendered":"Neue_Staerke"},"content":{"rendered":"<div class=\"row parallax cf\" style=\"background: url('http:\/\/expedition-8.com\/wp-content\/uploads\/2017\/05\/Norwegian_Maemo_Pic.jpg') no-repeat 50% 0 fixed;background-size: cover;padding: 124px 0 108px;\"><div class=\"wrap\"> \n<div class=\"clear cf\" style=\"margin-top:10px;margin-bottom:0\"><\/div>\n<h6><span style=\"color: #ffffff;\">Unser spezielles Angebot<\/span><\/h6>\n<h1><span style=\"color: #ffffff;\">Neue Arbeitswelt.<\/span><\/h1>\n<h1><span style=\"color: #ffffff;\">Neue St\u00e4rke.<\/span><\/h1>\n<h1><span style=\"color: #ffffff;\">Durchstarten mit neuer Zuversicht.<\/span><\/h1>\n<div class=\"clear cf\" style=\"margin-top:24px;margin-bottom:0\"><\/div>\n<div class=\"clear cf\" style=\"margin-top:0;margin-bottom:0\"><\/div>\n<div class=\"clear cf\" style=\"margin-top:0;margin-bottom:64px\"><\/div>\n <\/div><\/div>\n<div class=\"row cf\" style=\"background-color: #c1d5e2;background-size: auto;padding: 72px 15% 0 15%;\"><div class=\"wrap\"> \n<div class=\"full_width \" style=\"\"> \n<p class=\"lead \" ><span style=\"color: #000000;\">Die quasi \u00fcber Nacht erzwungene Virtualisierung, Flexibilisierung und Digitalisierung der t\u00e4glichen Arbeitsabl\u00e4ufe wirken nach. Mitarbeiterinnen und Mitarbeiter entwickeln neue Erwartungen hinsichtlich Arbeitsplatzkonzepten und F\u00fchrungsstilen. Die Sicherung von Zusammenhalt und Leistungsf\u00e4higkeit unter den ver\u00e4nderten Rahmenbedingungen wird zu einer neuen Herausforderung f\u00fcr F\u00fchrungskr\u00e4fte. Wir haben unsere Kompetenzen und Konzepte geb\u00fcndelt, um Sie pragmatisch bei Ihrer Reise zum \u201eNew Normal\u201c zu unterst\u00fctzen.<\/span><\/p>\n<div class=\"clear cf\" style=\"margin-top:16px;margin-bottom:0\"><\/div>\n<h3><span style=\"color: #808080;\"><strong>Durchf\u00fchrung von kompakten Online-Coachings<\/strong><\/span><\/h3>\n<p><span class=\"JsGRdQ\" style=\"color: #000000;\"><p class=\"lead \" ><span style=\"color: #808080;\">Keine Lust mehr auf Youtube und Co., weil es trotz m\u00fchsamer Suche f\u00fcr Ihr Problem doch\u00a0<span class=\"JsGRdQ\">keine passende L\u00f6sung im Internet gibt<\/span>? Dann lassen Sie uns in kompakten 2-st\u00fcndigen Coachings Ihre konkrete, individuelle Herausforderung gemeinsam angehen. Denn Dranbleiben an den Themen der\u00a0 virtuellen F\u00fchrung und Zusammenarbeit ist aktuell wichtiger, als die finale L\u00f6sung zu haben.<\/span><\/p><\/span><\/p>\n<div class=\"clear cf\" style=\"margin-top:16px;margin-bottom:0\"><\/div>\n<h3><span style=\"color: #808080;\">Begleitung und Durchf\u00fchrung von Online-Moderationen<\/span><\/h3>\n<p><span class=\"JsGRdQ\" style=\"color: #808080;\"><p class=\"lead \" >Virtuelle Meetings sind etabliert und dennoch gehen wertvolle Ressourcen verloren. Nebenbei werden E-Mails geschrieben, es wird gechattet oder nicht zugeh\u00f6rt.\u00a0 Wir begleiten Sie bei der Moderation ihrer virtuellen Formate, um so die Produktivit\u00e4t zu erh\u00f6hen und weiterhin alle verf\u00fcgbaren Kr\u00e4fte zu b\u00fcndeln.<\/p><\/span><\/p>\n<div class=\"clear cf\" style=\"margin-top:16px;margin-bottom:0\"><\/div>\n<h3><span style=\"color: #808080;\">Durchf\u00fchrung von kompakten Live-Online-Trainings<\/span><\/h3>\n<p><span class=\"JsGRdQ\" style=\"color: #808080;\"><p class=\"lead \" >Wir haben das Know-How um Sie und Ihre Mannschaft schnell auf ein neues Level zu heben. In interaktiven und kompakten Live-Online-Trainings bestehend aus mehreren aufeinander folgenden 90- bzw. 180-min\u00fctigen Sessions, z.B. zu den Themenfeldern Digitale F\u00fchrung, Digitale Zusammenarbeit und Kollaborationstools bauen Ihre F\u00fchrungskr\u00e4fte und Mitarbeiter in k\u00fcrzester Zeit praxisnah ihre Digitalkompetenz weiter aus.<\/p><\/span><\/p>\n<div class=\"clear cf\" style=\"margin-top:16px;margin-bottom:0\"><\/div>\n<h3><span style=\"color: #808080;\">Durchf\u00fchrung von Qualifizierungs- und Entwicklungsprogrammen<\/span><\/h3>\n<p><span style=\"color: #808080;\"><p class=\"lead \" >Profitieren Sie von unserer Kompetenz auch und insbesondere \u00fcberfachliche Kompetenzen weiterzuentwickeln &#8211; in interaktiven Live-Online-Trainings kombiniert mit Online-Coaching, Projektarbeit und vielen weiteren partizipativen Elementen. Hier einige Beispiele aus unserem Angebot: cloudbasierte Managementsimulationen, Qualifizierungsprogramm &#8220;Neue Normalit\u00e4t&#8221;, interaktives, digitales Leadership-Development.<\/p><\/span><\/p>\n<div class=\"clear cf\" style=\"margin-top:16px;margin-bottom:0\"><\/div>\n<h3><span style=\"color: #808080;\">Entwicklung von Strategien, Bereichen und Teams<\/span><\/h3>\n<p><span style=\"color: #808080;\"><p class=\"lead \" >&#8220;Vergeude keine Krise&#8221; lautet ein provokativer Titel eines Buches. Und genau darum geht es jetzt: den Fokus auf die Chancen und Potentiale zu richten. Wir unterst\u00fctzen Sie bei der Entwicklung von Strategien auf Bereichs-, Abteilungs- und Teamebene mit methodischem und organisatorischem Know-How zur partizipativen Prozessgestaltung.<\/p><\/span><\/p>\n<div class=\"clear cf\" style=\"margin-top:16px;margin-bottom:0\"><\/div>\n<h3><span style=\"color: #808080;\">Projekt- und Interimmanagement<\/span><\/h3>\n<p><span class=\"JsGRdQ\" style=\"color: #808080;\"><p class=\"lead \" >Ihnen sind Ressourcenengp\u00e4sse entstanden und Sie ben\u00f6tigen dringend personelle Verst\u00e4rkung auch im Tagesgesch\u00e4ft? Wir stehen Ihnen mit einem Netzwerk exzellenter Berater, Projekt- und Interimsmanager in unseren Gesch\u00e4ftsfeldern Strategie &#038; Transformation, F\u00fchrung &#038; New Work sowie Controlling &#038; Finanzen zur Verf\u00fcgung.<\/p><\/span><\/p>\n<div class=\"clear cf\" style=\"margin-top:0;margin-bottom:64px\"><\/div>\n <\/div><div class=\"cf\"><\/div>\n <\/div><\/div>\n<div class=\"row cf\" style=\"background-color: #dfd8cc;background-size: auto;padding: 72px 0;\"><div class=\"wrap\"> \n<div class=\"full_width \" style=\"\"> \n<p style=\"text-align: center;\"><span style=\"color: #000000; font-size: 1.5em;\">Weitere Informationen und pers\u00f6nliche Beratung unter:<\/span><\/p>\n<h1 style=\"text-align: center;\">+49 (0)170 6933 692<\/h1>\n<div class=\"clear cf\" style=\"margin-top:0;margin-bottom:24px\"><\/div>\n<p style=\"text-align: center;\"><span style=\"color: #000000; font-size: 1.5em;\">Expedition 8 GmbH \/\/ Training &#038; Consulting<\/span><br \/>\n<span style=\"color: #000000; font-size: 1.5em;\"> www.expedition8.de \/\/ basislager@expedition8.de<\/span><\/p>\n<div class=\"clear cf\" style=\"margin-top:0;margin-bottom:24px\"><\/div>\n<p style=\"text-align: center;\"><a href=\"http:\/\/expedition-8.com\/contact\/contact-simple\" target=\"_self\" class=\"btn black\" style=\"color: white; \">Kontaktformular<\/a>\n <\/div><div class=\"cf\"><\/div>\n <\/div><\/div>\n","protected":false},"excerpt":{"rendered":"","protected":false},"author":1,"featured_media":0,"parent":0,"menu_order":0,"comment_status":"closed","ping_status":"closed","template":"","meta":[],"_links":{"self":[{"href":"https:\/\/expedition-8.com\/en\/wp-json\/wp\/v2\/pages\/932"}],"collection":[{"href":"https:\/\/expedition-8.com\/en\/wp-json\/wp\/v2\/pages"}],"about":[{"href":"https:\/\/expedition-8.com\/en\/wp-json\/wp\/v2\/types\/page"}],"author":[{"embeddable":true,"href":"https:\/\/expedition-8.com\/en\/wp-json\/wp\/v2\/users\/1"}],"replies":[{"embeddable":true,"href":"https:\/\/expedition-8.com\/en\/wp-json\/wp\/v2\/comments?post=932"}],"version-history":[{"count":333,"href":"https:\/\/expedition-8.com\/en\/wp-json\/wp\/v2\/pages\/932\/revisions"}],"predecessor-version":[{"id":3317,"href":"https:\/\/expedition-8.com\/en\/wp-json\/wp\/v2\/pages\/932\/revisions\/3317"}],"wp:attachment":[{"href":"https:\/\/expedition-8.com\/en\/wp-json\/wp\/v2\/media?parent=932"}],"curies":[{"name":"wp","href":"https:\/\/api.w.org\/{rel}","templated":true}]}}